{"id":95,"date":"2020-03-03T16:39:41","date_gmt":"2020-03-03T16:39:41","guid":{"rendered":"http:\/\/novasource.de\/?page_id=95"},"modified":"2020-03-10T12:48:41","modified_gmt":"2020-03-10T12:48:41","slug":"studium-schulbildung","status":"publish","type":"page","link":"https:\/\/novasource.de\/?page_id=95","title":{"rendered":"Studium"},"content":{"rendered":"\n<div class=\"wp-block-image\"><figure class=\"alignright size-large is-resized\"><img loading=\"lazy\" decoding=\"async\" src=\"http:\/\/novasource.de\/wp-content\/uploads\/2020\/03\/ipadAGbuch-1-768x1024.jpg\" alt=\"\" class=\"wp-image-96\" width=\"280\" height=\"373\" srcset=\"https:\/\/novasource.de\/wp-content\/uploads\/2020\/03\/ipadAGbuch-1-768x1024.jpg 768w, https:\/\/novasource.de\/wp-content\/uploads\/2020\/03\/ipadAGbuch-1-225x300.jpg 225w, https:\/\/novasource.de\/wp-content\/uploads\/2020\/03\/ipadAGbuch-1.jpg 960w\" sizes=\"auto, (max-width: 280px) 100vw, 280px\" \/><\/figure><\/div>\n\n\n\n<p>Master <em>Kultur \u00c4sthetik Medien<\/em>, Hochschule D\u00fcsseldorf<\/p>\n\n\n\n<p>Bachelor of Arts, <em>P\u00e4dagogik der fr\u00fchen Kindheit und Familienbildung<\/em>, Hochschule D\u00fcsseldorf <\/p>\n\n\n\n<p>Ausbildung als Online-Entwicklerin bei Macromedia Multimedia Akademie, M\u00fcnchen<\/p>\n\n\n\n<p>Fachhochschulreife, Gutenbergschule, Fachoberschule f\u00fcr Gestaltung, Frankfurt am Main<\/p>\n","protected":false},"excerpt":{"rendered":"<p>Master Kultur \u00c4sthetik Medien, Hochschule D\u00fcsseldorf Bachelor of Arts, P\u00e4dagogik der fr\u00fchen Kindheit und Familienbildung, Hochschule D\u00fcsseldorf Ausbildung als Online-Entwicklerin bei Macromedia Multimedia Akademie, M\u00fcnchen Fachhochschulreife, Gutenbergschule, Fachoberschule f\u00fcr Gestaltung, Frankfurt am Main<\/p>\n","protected":false},"author":1,"featured_media":0,"parent":143,"menu_order":2,"comment_status":"closed","ping_status":"closed","template":"","meta":{"footnotes":""},"class_list":["post-95","page","type-page","status-publish","hentry"],"_links":{"self":[{"href":"https:\/\/novasource.de\/index.php?rest_route=\/wp\/v2\/pages\/95","targetHints":{"allow":["GET"]}}],"collection":[{"href":"https:\/\/novasource.de\/index.php?rest_route=\/wp\/v2\/pages"}],"about":[{"href":"https:\/\/novasource.de\/index.php?rest_route=\/wp\/v2\/types\/page"}],"author":[{"embeddable":true,"href":"https:\/\/novasource.de\/index.php?rest_route=\/wp\/v2\/users\/1"}],"replies":[{"embeddable":true,"href":"https:\/\/novasource.de\/index.php?rest_route=%2Fwp%2Fv2%2Fcomments&post=95"}],"version-history":[{"count":3,"href":"https:\/\/novasource.de\/index.php?rest_route=\/wp\/v2\/pages\/95\/revisions"}],"predecessor-version":[{"id":236,"href":"https:\/\/novasource.de\/index.php?rest_route=\/wp\/v2\/pages\/95\/revisions\/236"}],"up":[{"embeddable":true,"href":"https:\/\/novasource.de\/index.php?rest_route=\/wp\/v2\/pages\/143"}],"wp:attachment":[{"href":"https:\/\/novasource.de\/index.php?rest_route=%2Fwp%2Fv2%2Fmedia&parent=95"}],"curies":[{"name":"wp","href":"https:\/\/api.w.org\/{rel}","templated":true}]}}