{"id":90,"date":"2020-03-03T16:35:07","date_gmt":"2020-03-03T16:35:07","guid":{"rendered":"http:\/\/novasource.de\/?page_id=90"},"modified":"2024-12-13T11:10:52","modified_gmt":"2024-12-13T11:10:52","slug":"berufspraxis","status":"publish","type":"page","link":"https:\/\/novasource.de\/?page_id=90","title":{"rendered":"Beruf\/e"},"content":{"rendered":"\n<figure class=\"wp-block-image\"><img loading=\"lazy\" decoding=\"async\" width=\"640\" height=\"640\" src=\"http:\/\/novasource.de\/wp-content\/uploads\/2020\/03\/masken-1.jpg\" alt=\"\" class=\"wp-image-91\" srcset=\"https:\/\/novasource.de\/wp-content\/uploads\/2020\/03\/masken-1.jpg 640w, https:\/\/novasource.de\/wp-content\/uploads\/2020\/03\/masken-1-300x300.jpg 300w, https:\/\/novasource.de\/wp-content\/uploads\/2020\/03\/masken-1-150x150.jpg 150w\" sizes=\"auto, (max-width: 640px) 100vw, 640px\" \/><\/figure>\n\n\n\n<p>11\/2021 &#8211; heute <strong>Bildungsforscherin<\/strong> und Doktorandin am ifib &#8211; Institut f\u00fcr Informationsmanagement Bremen<\/p>\n\n\n\n<p>2017 &#8211; 02\/2022 <strong>Lehrkraft f\u00fcr besondere Aufgaben (LfbA) mit Schwerpunkt Medienbildung <\/strong>an der Hochschule Niederrhein, M\u00f6nchengladbach. <\/p>\n\n\n\n<p>2015 &#8211; 2017 <strong>Lehrauftr\u00e4ge<\/strong> an der Hochschule Niederrhein sowie der Hochschule D\u00fcsseldorf:<\/p>\n\n\n\n<p>\u201aGrundlagen ausgew\u00e4hlter Bildungsbereiche: Digitale Medien\u2019<\/p>\n\n\n\n<p>\u2019Medienp\u00e4dagogik Schwerpunkt: Digitale Medien, Film, Fernsehen, Internet\u2019 im Studiengang \u201aKindheitsp\u00e4dagogik\u2019<\/p>\n\n\n\n<p>\u201aGrundlagen ausgew\u00e4hlter Bildungsbereiche: Soziale, kulturelle und interkulturelle Bildung\u2019 im Studiengang \u201aP\u00e4dagogik der fr\u00fchen Kindheit und Familienbildung\u2019<\/p>\n\n\n\n<p>Von 2012 &#8211; 2017 als <strong>freiberufliche Medienp\u00e4dagogin<\/strong> und <strong>Kooperationspartnerin<\/strong> der Gemeinschaftsgrundschule Rolandstra\u00dfe in D\u00fcsseldorf im Bereich Konzeption und Umsetzung medienp\u00e4dagogischer Angebote t\u00e4tig.<\/p>\n\n\n\n<p>2000\u00a0 &#8211; 2017:\u00a0<strong>Freiberufliche Texterin<\/strong> und Konzeptionerin f\u00fcr diverse Werbeagenturen (D&#8217;Arcy, syzygy, Die Brut, Peter Schmidt Group, Stark Text u.v.m.) und &#8218;direkte&#8216; Kunden (Picard Lederwaren, Guhl, KfW-Bank u.v.m.)<\/p>\n\n\n\n<p>1994 &#8211; 2000: <strong>Texterin und Konzeptionerin<\/strong> in Festanstellung in diversen Werbeagenturen (D&#8217;Arcy, Bozell, Wunderman, nasa 2.0)<\/p>\n\n\n\n<p><\/p>\n\n\n\n<p><a href=\"https:\/\/novasource.de\/?page_id=86\" data-type=\"page\" data-id=\"86\">Publikationen<\/a> &gt;&gt;<\/p>\n","protected":false},"excerpt":{"rendered":"<p>11\/2021 &#8211; heute Bildungsforscherin und Doktorandin am ifib &#8211; Institut f\u00fcr Informationsmanagement Bremen 2017 &#8211; 02\/2022 Lehrkraft f\u00fcr besondere Aufgaben (LfbA) mit Schwerpunkt Medienbildung an der Hochschule Niederrhein, M\u00f6nchengladbach. 2015 &#8211; 2017 Lehrauftr\u00e4ge an der Hochschule Niederrhein sowie der Hochschule D\u00fcsseldorf: \u201aGrundlagen ausgew\u00e4hlter Bildungsbereiche: Digitale Medien\u2019 \u2019Medienp\u00e4dagogik Schwerpunkt: Digitale Medien, Film, Fernsehen, Internet\u2019 im Studiengang &hellip; <\/p>\n<p class=\"link-more\"><a href=\"https:\/\/novasource.de\/?page_id=90\" class=\"more-link\"><span class=\"screen-reader-text\">\u201eBeruf\/e\u201c <\/span>weiterlesen<\/a><\/p>\n","protected":false},"author":1,"featured_media":0,"parent":143,"menu_order":1,"comment_status":"closed","ping_status":"closed","template":"","meta":{"footnotes":""},"class_list":["post-90","page","type-page","status-publish","hentry"],"_links":{"self":[{"href":"https:\/\/novasource.de\/index.php?rest_route=\/wp\/v2\/pages\/90","targetHints":{"allow":["GET"]}}],"collection":[{"href":"https:\/\/novasource.de\/index.php?rest_route=\/wp\/v2\/pages"}],"about":[{"href":"https:\/\/novasource.de\/index.php?rest_route=\/wp\/v2\/types\/page"}],"author":[{"embeddable":true,"href":"https:\/\/novasource.de\/index.php?rest_route=\/wp\/v2\/users\/1"}],"replies":[{"embeddable":true,"href":"https:\/\/novasource.de\/index.php?rest_route=%2Fwp%2Fv2%2Fcomments&post=90"}],"version-history":[{"count":14,"href":"https:\/\/novasource.de\/index.php?rest_route=\/wp\/v2\/pages\/90\/revisions"}],"predecessor-version":[{"id":613,"href":"https:\/\/novasource.de\/index.php?rest_route=\/wp\/v2\/pages\/90\/revisions\/613"}],"up":[{"embeddable":true,"href":"https:\/\/novasource.de\/index.php?rest_route=\/wp\/v2\/pages\/143"}],"wp:attachment":[{"href":"https:\/\/novasource.de\/index.php?rest_route=%2Fwp%2Fv2%2Fmedia&parent=90"}],"curies":[{"name":"wp","href":"https:\/\/api.w.org\/{rel}","templated":true}]}}