{"id":6,"date":"2020-03-01T14:29:58","date_gmt":"2020-03-01T14:29:58","guid":{"rendered":"http:\/\/novasource.de\/?page_id=6"},"modified":"2020-03-13T16:40:41","modified_gmt":"2020-03-13T16:40:41","slug":"projekte","status":"publish","type":"page","link":"https:\/\/novasource.de\/?page_id=6","title":{"rendered":"Baudrillard &#038; Big Data"},"content":{"rendered":"\n<div class=\"wp-block-media-text alignwide\"><figure class=\"wp-block-media-text__media\"><img loading=\"lazy\" decoding=\"async\" width=\"1024\" height=\"768\" src=\"http:\/\/novasource.de\/wp-content\/uploads\/2020\/03\/bigdataprojektfolieclose-1024x768.jpg\" alt=\"\" class=\"wp-image-65\" srcset=\"https:\/\/novasource.de\/wp-content\/uploads\/2020\/03\/bigdataprojektfolieclose-1024x768.jpg 1024w, https:\/\/novasource.de\/wp-content\/uploads\/2020\/03\/bigdataprojektfolieclose-300x225.jpg 300w, https:\/\/novasource.de\/wp-content\/uploads\/2020\/03\/bigdataprojektfolieclose-768x576.jpg 768w, https:\/\/novasource.de\/wp-content\/uploads\/2020\/03\/bigdataprojektfolieclose-1200x900.jpg 1200w, https:\/\/novasource.de\/wp-content\/uploads\/2020\/03\/bigdataprojektfolieclose.jpg 1280w\" sizes=\"auto, (max-width: 767px) 89vw, (max-width: 1000px) 54vw, (max-width: 1071px) 543px, 580px\" \/><\/figure><div class=\"wp-block-media-text__content\">\n<h3 class=\"wp-block-heading\">Big Data is watching you<\/h3>\n\n\n\n<p>&#8222;Daten sind das neue Gold.&#8220; So stand in diesem Projekt (2017) die Auseinandersetzung mit dem Thema pers\u00f6nliche Daten und Big Data im Fokus. Wieviele Daten gebe ich von mir preis, wie werden sie verarbeitet, welche Vorhersagen k\u00f6nnen daraus abgeleitet werden? Inwiefern verselbst\u00e4ndigen sich die Daten und mein digitales Ich &#8211; ist es m\u00f6glicherweise bereits so fragmentiert, dass es \u00fcberall ist, so wie es Baudrillard in &#8222;Warum ist nicht alles schon verschwunden?&#8220; beschreibt?<\/p>\n\n\n\n<p><strong>Installation: <\/strong>Handschriftliche Aufzeichnungen von Daten, die per Mobiltelefon empfangen und gesendet wurden auf &#8222;wuchernder&#8220; Goldfolie \/\/ Overheadprojektor &amp; Folie mit Baudrillard-Text \/\/ Video \/\/ Soundcollage<\/p>\n\n\n\n<p><\/p>\n<\/div><\/div>\n\n\n\n<figure class=\"wp-block-gallery columns-3 is-cropped wp-block-gallery-1 is-layout-flex wp-block-gallery-is-layout-flex\"><ul class=\"blocks-gallery-grid\"><li class=\"blocks-gallery-item\"><figure><img loading=\"lazy\" decoding=\"async\" width=\"1024\" height=\"768\" src=\"http:\/\/novasource.de\/wp-content\/uploads\/2020\/03\/bigdataprojekttotale-1024x768.jpg\" alt=\"\" data-id=\"67\" data-full-url=\"http:\/\/novasource.de\/wp-content\/uploads\/2020\/03\/bigdataprojekttotale.jpg\" data-link=\"http:\/\/novasource.de\/?attachment_id=67\" class=\"wp-image-67\" srcset=\"https:\/\/novasource.de\/wp-content\/uploads\/2020\/03\/bigdataprojekttotale-1024x768.jpg 1024w, https:\/\/novasource.de\/wp-content\/uploads\/2020\/03\/bigdataprojekttotale-300x225.jpg 300w, https:\/\/novasource.de\/wp-content\/uploads\/2020\/03\/bigdataprojekttotale-768x576.jpg 768w, https:\/\/novasource.de\/wp-content\/uploads\/2020\/03\/bigdataprojekttotale-1200x900.jpg 1200w, https:\/\/novasource.de\/wp-content\/uploads\/2020\/03\/bigdataprojekttotale.jpg 1280w\" sizes=\"auto, (max-width: 767px) 89vw, (max-width: 1000px) 54vw, (max-width: 1071px) 543px, 580px\" \/><\/figure><\/li><li class=\"blocks-gallery-item\"><figure><img loading=\"lazy\" decoding=\"async\" width=\"1024\" height=\"768\" src=\"http:\/\/novasource.de\/wp-content\/uploads\/2020\/03\/bigdataprojektfolieclosewand-1024x768.jpg\" alt=\"\" data-id=\"66\" data-full-url=\"http:\/\/novasource.de\/wp-content\/uploads\/2020\/03\/bigdataprojektfolieclosewand.jpg\" data-link=\"http:\/\/novasource.de\/?attachment_id=66\" class=\"wp-image-66\" srcset=\"https:\/\/novasource.de\/wp-content\/uploads\/2020\/03\/bigdataprojektfolieclosewand-1024x768.jpg 1024w, https:\/\/novasource.de\/wp-content\/uploads\/2020\/03\/bigdataprojektfolieclosewand-300x225.jpg 300w, https:\/\/novasource.de\/wp-content\/uploads\/2020\/03\/bigdataprojektfolieclosewand-768x576.jpg 768w, https:\/\/novasource.de\/wp-content\/uploads\/2020\/03\/bigdataprojektfolieclosewand-1200x900.jpg 1200w, https:\/\/novasource.de\/wp-content\/uploads\/2020\/03\/bigdataprojektfolieclosewand.jpg 1280w\" sizes=\"auto, (max-width: 767px) 89vw, (max-width: 1000px) 54vw, (max-width: 1071px) 543px, 580px\" \/><\/figure><\/li><li class=\"blocks-gallery-item\"><figure><img loading=\"lazy\" decoding=\"async\" width=\"1024\" height=\"768\" src=\"http:\/\/novasource.de\/wp-content\/uploads\/2020\/03\/bigdataprojektfolieclose-1024x768.jpg\" alt=\"\" data-id=\"65\" data-full-url=\"http:\/\/novasource.de\/wp-content\/uploads\/2020\/03\/bigdataprojektfolieclose.jpg\" data-link=\"http:\/\/novasource.de\/?attachment_id=65\" class=\"wp-image-65\" srcset=\"https:\/\/novasource.de\/wp-content\/uploads\/2020\/03\/bigdataprojektfolieclose-1024x768.jpg 1024w, https:\/\/novasource.de\/wp-content\/uploads\/2020\/03\/bigdataprojektfolieclose-300x225.jpg 300w, https:\/\/novasource.de\/wp-content\/uploads\/2020\/03\/bigdataprojektfolieclose-768x576.jpg 768w, https:\/\/novasource.de\/wp-content\/uploads\/2020\/03\/bigdataprojektfolieclose-1200x900.jpg 1200w, https:\/\/novasource.de\/wp-content\/uploads\/2020\/03\/bigdataprojektfolieclose.jpg 1280w\" sizes=\"auto, (max-width: 767px) 89vw, (max-width: 1000px) 54vw, (max-width: 1071px) 543px, 580px\" \/><\/figure><\/li><li class=\"blocks-gallery-item\"><figure><img loading=\"lazy\" decoding=\"async\" width=\"1024\" height=\"768\" src=\"http:\/\/novasource.de\/wp-content\/uploads\/2020\/03\/bigdataprojektfolie-1024x768.jpg\" alt=\"\" data-id=\"64\" data-full-url=\"http:\/\/novasource.de\/wp-content\/uploads\/2020\/03\/bigdataprojektfolie.jpg\" data-link=\"http:\/\/novasource.de\/?attachment_id=64\" class=\"wp-image-64\" srcset=\"https:\/\/novasource.de\/wp-content\/uploads\/2020\/03\/bigdataprojektfolie-1024x768.jpg 1024w, https:\/\/novasource.de\/wp-content\/uploads\/2020\/03\/bigdataprojektfolie-300x225.jpg 300w, https:\/\/novasource.de\/wp-content\/uploads\/2020\/03\/bigdataprojektfolie-768x576.jpg 768w, https:\/\/novasource.de\/wp-content\/uploads\/2020\/03\/bigdataprojektfolie-1200x900.jpg 1200w, https:\/\/novasource.de\/wp-content\/uploads\/2020\/03\/bigdataprojektfolie.jpg 1280w\" sizes=\"auto, (max-width: 767px) 89vw, (max-width: 1000px) 54vw, (max-width: 1071px) 543px, 580px\" \/><\/figure><\/li><li class=\"blocks-gallery-item\"><figure><img loading=\"lazy\" decoding=\"async\" width=\"768\" height=\"1024\" src=\"http:\/\/novasource.de\/wp-content\/uploads\/2020\/03\/bigdataprojektCN-1-768x1024.jpg\" alt=\"\" data-id=\"81\" data-full-url=\"http:\/\/novasource.de\/wp-content\/uploads\/2020\/03\/bigdataprojektCN-1.jpg\" data-link=\"http:\/\/novasource.de\/?attachment_id=81\" class=\"wp-image-81\" srcset=\"https:\/\/novasource.de\/wp-content\/uploads\/2020\/03\/bigdataprojektCN-1-768x1024.jpg 768w, https:\/\/novasource.de\/wp-content\/uploads\/2020\/03\/bigdataprojektCN-1-225x300.jpg 225w, https:\/\/novasource.de\/wp-content\/uploads\/2020\/03\/bigdataprojektCN-1.jpg 960w\" sizes=\"auto, (max-width: 767px) 89vw, (max-width: 1000px) 54vw, (max-width: 1071px) 543px, 580px\" \/><\/figure><\/li><\/ul><\/figure>\n","protected":false},"excerpt":{"rendered":"<p>Big Data is watching you &#8222;Daten sind das neue Gold.&#8220; So stand in diesem Projekt (2017) die Auseinandersetzung mit dem Thema pers\u00f6nliche Daten und Big Data im Fokus. Wieviele Daten gebe ich von mir preis, wie werden sie verarbeitet, welche Vorhersagen k\u00f6nnen daraus abgeleitet werden? Inwiefern verselbst\u00e4ndigen sich die Daten und mein digitales Ich &#8211; &hellip; <\/p>\n<p class=\"link-more\"><a href=\"https:\/\/novasource.de\/?page_id=6\" class=\"more-link\"><span class=\"screen-reader-text\">\u201eBaudrillard &#038; Big Data\u201c <\/span>weiterlesen<\/a><\/p>\n","protected":false},"author":1,"featured_media":0,"parent":279,"menu_order":1,"comment_status":"closed","ping_status":"closed","template":"","meta":{"footnotes":""},"class_list":["post-6","page","type-page","status-publish","hentry"],"_links":{"self":[{"href":"https:\/\/novasource.de\/index.php?rest_route=\/wp\/v2\/pages\/6","targetHints":{"allow":["GET"]}}],"collection":[{"href":"https:\/\/novasource.de\/index.php?rest_route=\/wp\/v2\/pages"}],"about":[{"href":"https:\/\/novasource.de\/index.php?rest_route=\/wp\/v2\/types\/page"}],"author":[{"embeddable":true,"href":"https:\/\/novasource.de\/index.php?rest_route=\/wp\/v2\/users\/1"}],"replies":[{"embeddable":true,"href":"https:\/\/novasource.de\/index.php?rest_route=%2Fwp%2Fv2%2Fcomments&post=6"}],"version-history":[{"count":4,"href":"https:\/\/novasource.de\/index.php?rest_route=\/wp\/v2\/pages\/6\/revisions"}],"predecessor-version":[{"id":277,"href":"https:\/\/novasource.de\/index.php?rest_route=\/wp\/v2\/pages\/6\/revisions\/277"}],"up":[{"embeddable":true,"href":"https:\/\/novasource.de\/index.php?rest_route=\/wp\/v2\/pages\/279"}],"wp:attachment":[{"href":"https:\/\/novasource.de\/index.php?rest_route=%2Fwp%2Fv2%2Fmedia&parent=6"}],"curies":[{"name":"wp","href":"https:\/\/api.w.org\/{rel}","templated":true}]}}