{"id":553,"date":"2021-09-02T07:22:41","date_gmt":"2021-09-02T07:22:41","guid":{"rendered":"https:\/\/novasource.de\/?page_id=553"},"modified":"2024-12-13T15:14:17","modified_gmt":"2024-12-13T15:14:17","slug":"mit-meinen-augen","status":"publish","type":"page","link":"https:\/\/novasource.de\/?page_id=553","title":{"rendered":"Mit meinen Augen"},"content":{"rendered":"\n<figure class=\"wp-block-image\"><img loading=\"lazy\" decoding=\"async\" width=\"1024\" height=\"768\" src=\"https:\/\/novasource.de\/wp-content\/uploads\/2021\/09\/gorillaz-1024x768.jpg\" alt=\"\" class=\"wp-image-573\" srcset=\"https:\/\/novasource.de\/wp-content\/uploads\/2021\/09\/gorillaz-1024x768.jpg 1024w, https:\/\/novasource.de\/wp-content\/uploads\/2021\/09\/gorillaz-300x225.jpg 300w, https:\/\/novasource.de\/wp-content\/uploads\/2021\/09\/gorillaz-768x576.jpg 768w, https:\/\/novasource.de\/wp-content\/uploads\/2021\/09\/gorillaz-1536x1152.jpg 1536w, https:\/\/novasource.de\/wp-content\/uploads\/2021\/09\/gorillaz-2048x1536.jpg 2048w\" sizes=\"auto, (max-width: 767px) 89vw, (max-width: 1000px) 54vw, (max-width: 1071px) 543px, 580px\" \/><\/figure>\n\n\n\n<p><strong>Einladung zum Perspektivwechsel <\/strong>&#8211; so lautet der Titel des Projektseminars (2021\/22) im Studiengang der Sozialen Arbeit. Mit 360\u00b0-Kameras oder\/und in 3D erzeugte Welten gingen Studierende gemeinsam mit von ihnen selbst bestimmten Adressat*innen (hierzu musste zuerst eine Kooperation mit Praxispartner*innen aufgebaut werden) auf Entdeckungsreise und zeigen Besonderes und Allt\u00e4gliches aus deren Lebenswelt. Die Auseinandersetzung mit Themen, die bewegen, die bisher noch nicht geh\u00f6rt und gesehen wurden, die Artikulation von Anliegen und sch\u00f6pferische Gestaltung standen im Vordergrund des Projekts. Eine Besonderheit stellte die Kooperation mit der St. Augustinus-Gruppe und dem Memory Zentrum in Neuss dar, in denen 8 Studierende ihr Praxisprojekt absolvierten. <a href=\"https:\/\/novasource.de\/?page_id=627\" data-type=\"page\" data-id=\"627\">Weitere Infos >><\/a><\/p>\n\n\n\n<p><strong>Methodischer Schwerpunkt: <\/strong>Die Erzeugung von &#8218;begehbaren&#8216; Szenen stand im Vordergrund des methodischen Teils des Seminars. Hierzu wurden zun\u00e4chst einfach Fotos mit dem Handy gemacht, die mithilfe des Tools Thinglink interaktiv &#8218;begehbar&#8216; aufbereitet wurden. Sp\u00e4ter wurde dann mit selbsterzeugten 360-Fotos gearbeitet. So konnten in der Zusammenarbeit mit den Adressat*innen Texte, Musik, Erz\u00e4hlungen entstehen und diese in das Foto intergriert werden. Die Fotos konnten dann entweder mit dem VR-Headset immersiv oder mit anderen Devices wie Tablet, Mobiltelefon oder am Desktop-Computer erkundet werden. Davor experimentierte die Gruppe mit biografischem Schreiben, kreativer Schreibwerkstatt, Collagen (mit Schere und Kleber oder\/und digitalen Tools). Sie erprobten die \u00dcbertragung der Dateien in Thinglink und Setzen von ansteuerbaren Tags,  erlernten den Umgang mit einer 360\u00b0-Kamera und erstellten alternativ dazu dreidimensionale Szenen in CoSpaces, um eigenen Content zu erzeugen, um nicht auf vorgefertigte 360-Grad-Panormafotos\/-videos zur\u00fcckgreifen zu m\u00fcssen. Hier einige Eindr\u00fccke aus dem Seminar (da die Inhalte in Thinglink aus Datenschutzgr\u00fcnden im privaten Modus hinterlegt sind, kann hier nur ein Screenshot gezeigt werden; die sichtbaren Icons wie Herzen, Sterne usw. sind eigentlich anklickbar und erzeugen Ger\u00e4usche, f\u00fchren zu hinterlegten Texten, Musik u.a.): <\/p>\n\n\n\n<div class=\"wp-block-columns is-layout-flex wp-container-core-columns-is-layout-9d6595d7 wp-block-columns-is-layout-flex\">\n<div class=\"wp-block-column is-layout-flow wp-block-column-is-layout-flow\" style=\"flex-basis:100%\">\n<figure class=\"wp-block-gallery has-nested-images columns-default is-cropped wp-block-gallery-1 is-layout-flex wp-block-gallery-is-layout-flex\">\n<figure class=\"wp-block-image size-large\"><img loading=\"lazy\" decoding=\"async\" width=\"704\" height=\"1024\" data-id=\"620\" src=\"https:\/\/novasource.de\/wp-content\/uploads\/2024\/12\/williNavi-1-704x1024.jpg\" alt=\"\" class=\"wp-image-620\" srcset=\"https:\/\/novasource.de\/wp-content\/uploads\/2024\/12\/williNavi-1-704x1024.jpg 704w, https:\/\/novasource.de\/wp-content\/uploads\/2024\/12\/williNavi-1-206x300.jpg 206w, https:\/\/novasource.de\/wp-content\/uploads\/2024\/12\/williNavi-1-768x1117.jpg 768w, https:\/\/novasource.de\/wp-content\/uploads\/2024\/12\/williNavi-1-1056x1536.jpg 1056w, https:\/\/novasource.de\/wp-content\/uploads\/2024\/12\/williNavi-1.jpg 1161w\" sizes=\"auto, (max-width: 704px) 100vw, 704px\" \/><figcaption class=\"wp-element-caption\">Screenshot<\/figcaption><\/figure>\n\n\n\n<figure class=\"wp-block-image size-large\"><img loading=\"lazy\" decoding=\"async\" width=\"713\" height=\"1024\" data-id=\"619\" src=\"https:\/\/novasource.de\/wp-content\/uploads\/2024\/12\/williPad-713x1024.jpg\" alt=\"\" class=\"wp-image-619\" srcset=\"https:\/\/novasource.de\/wp-content\/uploads\/2024\/12\/williPad-713x1024.jpg 713w, https:\/\/novasource.de\/wp-content\/uploads\/2024\/12\/williPad-209x300.jpg 209w, https:\/\/novasource.de\/wp-content\/uploads\/2024\/12\/williPad-768x1103.jpg 768w, https:\/\/novasource.de\/wp-content\/uploads\/2024\/12\/williPad-1070x1536.jpg 1070w, https:\/\/novasource.de\/wp-content\/uploads\/2024\/12\/williPad.jpg 1170w\" sizes=\"auto, (max-width: 713px) 100vw, 713px\" \/><figcaption class=\"wp-element-caption\">Screenshot<\/figcaption><\/figure>\n<\/figure>\n\n\n\n<div class=\"wp-block-columns is-layout-flex wp-container-core-columns-is-layout-9d6595d7 wp-block-columns-is-layout-flex\">\n<div class=\"wp-block-column is-layout-flow wp-block-column-is-layout-flow\" style=\"flex-basis:100%\"><\/div>\n<\/div>\n<\/div>\n<\/div>\n\n\n\n<p><strong>Methoden &amp; Materialien: <\/strong>Fotos aus der Umgebung (eigene Quelle) mit <em>Insta360\u00b0<\/em>, assoziatives, kollaboratives Schreiben passend zu ausgw\u00e4hlten Bildern auf <em>zumpad<\/em>, Upload auf Thinglink, Setzen von Tags, Integration von Audiodateien (Umgang mit Audiodatenbanken, Bedeutung von CC-Lizenzen sowie selbstaufgenommenen Ger\u00e4uschen, Musik oder Sprache), Umgang mit Text to Speech (tts), Datenschutz. <\/p>\n\n\n\n<figure class=\"wp-block-gallery has-nested-images columns-default is-cropped wp-block-gallery-2 is-layout-flex wp-block-gallery-is-layout-flex\">\n<figure class=\"wp-block-image size-large\"><img loading=\"lazy\" decoding=\"async\" width=\"768\" height=\"1024\" data-id=\"582\" src=\"https:\/\/novasource.de\/wp-content\/uploads\/2021\/11\/A6AA97C7-496B-496B-B59A-37DED0AD00C8-768x1024.jpeg\" alt=\"\" class=\"wp-image-582\" srcset=\"https:\/\/novasource.de\/wp-content\/uploads\/2021\/11\/A6AA97C7-496B-496B-B59A-37DED0AD00C8-768x1025.jpeg 768w, https:\/\/novasource.de\/wp-content\/uploads\/2021\/11\/A6AA97C7-496B-496B-B59A-37DED0AD00C8-225x300.jpeg 225w, https:\/\/novasource.de\/wp-content\/uploads\/2021\/11\/A6AA97C7-496B-496B-B59A-37DED0AD00C8-1151x1536.jpeg 1151w, https:\/\/novasource.de\/wp-content\/uploads\/2021\/11\/A6AA97C7-496B-496B-B59A-37DED0AD00C8.jpeg 1536w\" sizes=\"auto, (max-width: 767px) 89vw, (max-width: 1000px) 54vw, (max-width: 1071px) 543px, 580px\" \/><\/figure>\n\n\n\n<figure class=\"wp-block-image size-large\"><img loading=\"lazy\" decoding=\"async\" width=\"1024\" height=\"768\" data-id=\"583\" src=\"https:\/\/novasource.de\/wp-content\/uploads\/2021\/11\/55B069FA-24A7-41EA-BE5C-3344891E886D-1024x768.jpeg\" alt=\"\" class=\"wp-image-583\" srcset=\"https:\/\/novasource.de\/wp-content\/uploads\/2021\/11\/55B069FA-24A7-41EA-BE5C-3344891E886D-1024x768.jpeg 1024w, https:\/\/novasource.de\/wp-content\/uploads\/2021\/11\/55B069FA-24A7-41EA-BE5C-3344891E886D-300x225.jpeg 300w, https:\/\/novasource.de\/wp-content\/uploads\/2021\/11\/55B069FA-24A7-41EA-BE5C-3344891E886D-768x576.jpeg 768w, https:\/\/novasource.de\/wp-content\/uploads\/2021\/11\/55B069FA-24A7-41EA-BE5C-3344891E886D-1536x1151.jpeg 1536w\" sizes=\"auto, (max-width: 767px) 89vw, (max-width: 1000px) 54vw, (max-width: 1071px) 543px, 580px\" \/><\/figure>\n\n\n\n<figure class=\"wp-block-image size-large\"><img loading=\"lazy\" decoding=\"async\" width=\"1024\" height=\"768\" data-id=\"584\" src=\"https:\/\/novasource.de\/wp-content\/uploads\/2021\/11\/D7D34DB0-6FAC-47EA-9A5F-DF72D9E681E7-1024x768.jpeg\" alt=\"\" class=\"wp-image-584\" srcset=\"https:\/\/novasource.de\/wp-content\/uploads\/2021\/11\/D7D34DB0-6FAC-47EA-9A5F-DF72D9E681E7-1024x768.jpeg 1024w, https:\/\/novasource.de\/wp-content\/uploads\/2021\/11\/D7D34DB0-6FAC-47EA-9A5F-DF72D9E681E7-300x225.jpeg 300w, https:\/\/novasource.de\/wp-content\/uploads\/2021\/11\/D7D34DB0-6FAC-47EA-9A5F-DF72D9E681E7-768x576.jpeg 768w, https:\/\/novasource.de\/wp-content\/uploads\/2021\/11\/D7D34DB0-6FAC-47EA-9A5F-DF72D9E681E7-1536x1151.jpeg 1536w\" sizes=\"auto, (max-width: 767px) 89vw, (max-width: 1000px) 54vw, (max-width: 1071px) 543px, 580px\" \/><\/figure>\n\n\n\n<figure class=\"wp-block-image size-large\"><img loading=\"lazy\" decoding=\"async\" width=\"1024\" height=\"768\" data-id=\"585\" src=\"https:\/\/novasource.de\/wp-content\/uploads\/2021\/11\/BE02D1C9-229A-48FB-A5F4-F1B6CFB7431A-1024x768.jpeg\" alt=\"\" class=\"wp-image-585\" srcset=\"https:\/\/novasource.de\/wp-content\/uploads\/2021\/11\/BE02D1C9-229A-48FB-A5F4-F1B6CFB7431A-1024x768.jpeg 1024w, https:\/\/novasource.de\/wp-content\/uploads\/2021\/11\/BE02D1C9-229A-48FB-A5F4-F1B6CFB7431A-300x225.jpeg 300w, https:\/\/novasource.de\/wp-content\/uploads\/2021\/11\/BE02D1C9-229A-48FB-A5F4-F1B6CFB7431A-768x576.jpeg 768w, https:\/\/novasource.de\/wp-content\/uploads\/2021\/11\/BE02D1C9-229A-48FB-A5F4-F1B6CFB7431A-1536x1151.jpeg 1536w\" sizes=\"auto, (max-width: 767px) 89vw, (max-width: 1000px) 54vw, (max-width: 1071px) 543px, 580px\" \/><\/figure>\n\n\n\n<figure class=\"wp-block-image size-large\"><img loading=\"lazy\" decoding=\"async\" width=\"1024\" height=\"768\" data-id=\"586\" src=\"https:\/\/novasource.de\/wp-content\/uploads\/2021\/11\/130F9104-2B3E-4ABB-8B7D-FF97BE4DD967-1024x768.jpeg\" alt=\"\" class=\"wp-image-586\" srcset=\"https:\/\/novasource.de\/wp-content\/uploads\/2021\/11\/130F9104-2B3E-4ABB-8B7D-FF97BE4DD967-1024x768.jpeg 1024w, https:\/\/novasource.de\/wp-content\/uploads\/2021\/11\/130F9104-2B3E-4ABB-8B7D-FF97BE4DD967-300x225.jpeg 300w, https:\/\/novasource.de\/wp-content\/uploads\/2021\/11\/130F9104-2B3E-4ABB-8B7D-FF97BE4DD967-768x576.jpeg 768w, https:\/\/novasource.de\/wp-content\/uploads\/2021\/11\/130F9104-2B3E-4ABB-8B7D-FF97BE4DD967-1536x1151.jpeg 1536w\" sizes=\"auto, (max-width: 767px) 89vw, (max-width: 1000px) 54vw, (max-width: 1071px) 543px, 580px\" \/><\/figure>\n\n\n\n<figure class=\"wp-block-image size-large\"><img loading=\"lazy\" decoding=\"async\" width=\"768\" height=\"1024\" data-id=\"587\" src=\"https:\/\/novasource.de\/wp-content\/uploads\/2021\/11\/D049D537-46F3-4F67-A499-AAADC485EAB3-768x1024.jpeg\" alt=\"\" class=\"wp-image-587\" srcset=\"https:\/\/novasource.de\/wp-content\/uploads\/2021\/11\/D049D537-46F3-4F67-A499-AAADC485EAB3-768x1025.jpeg 768w, https:\/\/novasource.de\/wp-content\/uploads\/2021\/11\/D049D537-46F3-4F67-A499-AAADC485EAB3-225x300.jpeg 225w, https:\/\/novasource.de\/wp-content\/uploads\/2021\/11\/D049D537-46F3-4F67-A499-AAADC485EAB3-1151x1536.jpeg 1151w, https:\/\/novasource.de\/wp-content\/uploads\/2021\/11\/D049D537-46F3-4F67-A499-AAADC485EAB3.jpeg 1536w\" sizes=\"auto, (max-width: 767px) 89vw, (max-width: 1000px) 54vw, (max-width: 1071px) 543px, 580px\" \/><\/figure>\n\n\n\n<figure class=\"wp-block-image size-large\"><img loading=\"lazy\" decoding=\"async\" width=\"768\" height=\"1024\" data-id=\"588\" src=\"https:\/\/novasource.de\/wp-content\/uploads\/2021\/11\/51985BE9-EB3F-44FB-8551-BD6E15B4803C-768x1024.jpeg\" alt=\"\" class=\"wp-image-588\" srcset=\"https:\/\/novasource.de\/wp-content\/uploads\/2021\/11\/51985BE9-EB3F-44FB-8551-BD6E15B4803C-768x1025.jpeg 768w, https:\/\/novasource.de\/wp-content\/uploads\/2021\/11\/51985BE9-EB3F-44FB-8551-BD6E15B4803C-225x300.jpeg 225w, https:\/\/novasource.de\/wp-content\/uploads\/2021\/11\/51985BE9-EB3F-44FB-8551-BD6E15B4803C-1151x1536.jpeg 1151w, https:\/\/novasource.de\/wp-content\/uploads\/2021\/11\/51985BE9-EB3F-44FB-8551-BD6E15B4803C.jpeg 1536w\" sizes=\"auto, (max-width: 767px) 89vw, (max-width: 1000px) 54vw, (max-width: 1071px) 543px, 580px\" \/><\/figure>\n\n\n\n<figure class=\"wp-block-image size-large\"><img loading=\"lazy\" decoding=\"async\" width=\"768\" height=\"1024\" data-id=\"589\" src=\"https:\/\/novasource.de\/wp-content\/uploads\/2021\/11\/6EC1564C-196D-4408-A826-FD9DAC925340-768x1024.jpeg\" alt=\"\" class=\"wp-image-589\" srcset=\"https:\/\/novasource.de\/wp-content\/uploads\/2021\/11\/6EC1564C-196D-4408-A826-FD9DAC925340-768x1025.jpeg 768w, https:\/\/novasource.de\/wp-content\/uploads\/2021\/11\/6EC1564C-196D-4408-A826-FD9DAC925340-225x300.jpeg 225w, https:\/\/novasource.de\/wp-content\/uploads\/2021\/11\/6EC1564C-196D-4408-A826-FD9DAC925340-1151x1536.jpeg 1151w, https:\/\/novasource.de\/wp-content\/uploads\/2021\/11\/6EC1564C-196D-4408-A826-FD9DAC925340.jpeg 1536w\" sizes=\"auto, (max-width: 767px) 89vw, (max-width: 1000px) 54vw, (max-width: 1071px) 543px, 580px\" \/><\/figure>\n<\/figure>\n\n\n\n<p><em><strong>Equipment<\/strong><\/em>: selbstgebaute Cardboard-Brillen zum Einstieg \/\/ ClassVR-Headsets; der Koffer ist gleichzeitig Ladestation \/\/ im Turnbeutel werden die Utensilien verstaut \/\/ Insta360-Kameras f\u00fcr hochwertige 360-Grad-Fotos und -Videos<\/p>\n","protected":false},"excerpt":{"rendered":"<p>Einladung zum Perspektivwechsel &#8211; so lautet der Titel des Projektseminars (2021\/22) im Studiengang der Sozialen Arbeit. Mit 360\u00b0-Kameras oder\/und in 3D erzeugte Welten gingen Studierende gemeinsam mit von ihnen selbst bestimmten Adressat*innen (hierzu musste zuerst eine Kooperation mit Praxispartner*innen aufgebaut werden) auf Entdeckungsreise und zeigen Besonderes und Allt\u00e4gliches aus deren Lebenswelt. Die Auseinandersetzung mit Themen, &hellip; <\/p>\n<p class=\"link-more\"><a href=\"https:\/\/novasource.de\/?page_id=553\" class=\"more-link\"><span class=\"screen-reader-text\">\u201eMit meinen Augen\u201c <\/span>weiterlesen<\/a><\/p>\n","protected":false},"author":1,"featured_media":0,"parent":0,"menu_order":0,"comment_status":"closed","ping_status":"closed","template":"","meta":{"footnotes":""},"class_list":["post-553","page","type-page","status-publish","hentry"],"_links":{"self":[{"href":"https:\/\/novasource.de\/index.php?rest_route=\/wp\/v2\/pages\/553","targetHints":{"allow":["GET"]}}],"collection":[{"href":"https:\/\/novasource.de\/index.php?rest_route=\/wp\/v2\/pages"}],"about":[{"href":"https:\/\/novasource.de\/index.php?rest_route=\/wp\/v2\/types\/page"}],"author":[{"embeddable":true,"href":"https:\/\/novasource.de\/index.php?rest_route=\/wp\/v2\/users\/1"}],"replies":[{"embeddable":true,"href":"https:\/\/novasource.de\/index.php?rest_route=%2Fwp%2Fv2%2Fcomments&post=553"}],"version-history":[{"count":11,"href":"https:\/\/novasource.de\/index.php?rest_route=\/wp\/v2\/pages\/553\/revisions"}],"predecessor-version":[{"id":634,"href":"https:\/\/novasource.de\/index.php?rest_route=\/wp\/v2\/pages\/553\/revisions\/634"}],"wp:attachment":[{"href":"https:\/\/novasource.de\/index.php?rest_route=%2Fwp%2Fv2%2Fmedia&parent=553"}],"curies":[{"name":"wp","href":"https:\/\/api.w.org\/{rel}","templated":true}]}}