{"id":426,"date":"2020-09-23T16:06:16","date_gmt":"2020-09-23T16:06:16","guid":{"rendered":"https:\/\/novasource.de\/?page_id=426"},"modified":"2021-11-12T11:40:30","modified_gmt":"2021-11-12T11:40:30","slug":"lehrveranstaltungen","status":"publish","type":"page","link":"https:\/\/novasource.de\/?page_id=426","title":{"rendered":"Lehrveranstaltungen"},"content":{"rendered":"\n<p>Einige aktuelle Beispiele meines Lehrangebots &#8211; Seminargestaltung in Pr\u00e4senz &amp; Online in den Studieng\u00e4ngen Kindheitsp\u00e4dagogik, Kulturp\u00e4dagogik, Soziale Arbeit: <\/p>\n\n\n\n<p>Virtual Reality in Feldern der Sozialen Arbeit <span class=\"has-inline-color has-luminous-vivid-orange-color\"><a rel=\"noreferrer noopener\" href=\"https:\/\/novasource.de\/?page_id=553\" target=\"_blank\">&#8222;Mit meinen Augen: Einladung zum Perspektivwechsel&#8220;<\/a><\/span> >> In selbst gestalteten virtuellen R\u00e4umen und 360\u00b0-Aufnahmen fangen verschiedene Zielgruppen Eindr\u00fccke ihrer Lebenswelt, ihren W\u00fcnschen und Gedanken ein. Mithilfe selbstgebauter Cardboards und\/oder VR-Headsets k\u00f6nnen &#8211; je nach Zielgruppe &#8211; Angeh\u00f6rige, Fachkr\u00e4fte und Peers die subjektive Sichtweise immersiv erleben und dar\u00fcber mit den jeweiligen Akteur:innen ins Gespr\u00e4ch kommen.<\/p>\n\n\n\n<p><span class=\"has-inline-color has-luminous-vivid-orange-color\"><a rel=\"noreferrer noopener\" href=\"https:\/\/kitchenlab.digital\/\" target=\"_blank\">&#8222;Kitchen:Lab&#8220;<\/a><\/span> >> Experimentieren mit klimafreundlichen Ern\u00e4hrungsweisen und Entwicklung von medialen Erfahrungsberichten und Tutorials<\/p>\n\n\n\n<p>Kreative Bildungsf\u00f6rderung mit digitalen Medien in der fr\u00fchen Kindheit &gt;&gt; <span class=\"has-inline-color has-luminous-vivid-orange-color\">&#8222;Wir vertonen, verfilmen oder animieren dein Lieblingsbuch&#8220;<\/span><\/p>\n\n\n\n<p>Digitale Medien in der Sozialen Arbeit &gt;&gt; <span class=\"has-inline-color has-luminous-vivid-orange-color\">&#8222;Schau mal, was ich kann&#8220; <\/span>Die Erstellung von Video-Tutorials als Beispiel ressourcenorientierter Arbeit mit Jugendlichen<\/p>\n\n\n\n<p>Digitale Medien in der Kulturp\u00e4dagogik &gt;&gt; <span class=\"has-inline-color has-luminous-vivid-orange-color\">&#8222;Daten als das neue Gold &#8211; Social Credit System&#8220;<\/span>, k\u00fcnstlerische Auseinandersetzung mit  Zukunftsvorstellungen anhand der Anthologie Black Mirror<\/p>\n\n\n\n<p><span class=\"has-inline-color has-luminous-vivid-orange-color\"><\/span><span class=\"has-inline-color has-luminous-vivid-orange-color\">Artikulationsformen im \u00f6ffentlichen Raum<\/span>, Performances und Multimediales als Ausdrucksm\u00f6glichkeiten in der Kulturp\u00e4dagogik<\/p>\n\n\n\n<figure class=\"wp-block-gallery columns-3 is-cropped wp-block-gallery-1 is-layout-flex wp-block-gallery-is-layout-flex\"><ul class=\"blocks-gallery-grid\"><li class=\"blocks-gallery-item\"><figure><img loading=\"lazy\" decoding=\"async\" width=\"1024\" height=\"768\" src=\"https:\/\/novasource.de\/wp-content\/uploads\/2020\/03\/IMG_4480-1024x768.jpg\" alt=\"\" data-id=\"257\" data-full-url=\"https:\/\/novasource.de\/wp-content\/uploads\/2020\/03\/IMG_4480.jpg\" data-link=\"https:\/\/novasource.de\/?attachment_id=257\" class=\"wp-image-257\" srcset=\"https:\/\/novasource.de\/wp-content\/uploads\/2020\/03\/IMG_4480-1024x768.jpg 1024w, https:\/\/novasource.de\/wp-content\/uploads\/2020\/03\/IMG_4480-300x225.jpg 300w, https:\/\/novasource.de\/wp-content\/uploads\/2020\/03\/IMG_4480-768x576.jpg 768w, https:\/\/novasource.de\/wp-content\/uploads\/2020\/03\/IMG_4480-540x405.jpg 540w, https:\/\/novasource.de\/wp-content\/uploads\/2020\/03\/IMG_4480-1080x810.jpg 1080w, https:\/\/novasource.de\/wp-content\/uploads\/2020\/03\/IMG_4480.jpg 1280w\" sizes=\"auto, (max-width: 767px) 89vw, (max-width: 1000px) 54vw, (max-width: 1071px) 543px, 580px\" \/><figcaption class=\"blocks-gallery-item__caption\">Impuls zum Einstieg<\/figcaption><\/figure><\/li><li class=\"blocks-gallery-item\"><figure><img loading=\"lazy\" decoding=\"async\" width=\"1024\" height=\"768\" src=\"https:\/\/novasource.de\/wp-content\/uploads\/2020\/03\/IMG_4477-1024x768.jpg\" alt=\"\" data-id=\"256\" data-full-url=\"https:\/\/novasource.de\/wp-content\/uploads\/2020\/03\/IMG_4477.jpg\" data-link=\"https:\/\/novasource.de\/?attachment_id=256\" class=\"wp-image-256\" srcset=\"https:\/\/novasource.de\/wp-content\/uploads\/2020\/03\/IMG_4477-1024x768.jpg 1024w, https:\/\/novasource.de\/wp-content\/uploads\/2020\/03\/IMG_4477-300x225.jpg 300w, https:\/\/novasource.de\/wp-content\/uploads\/2020\/03\/IMG_4477-768x576.jpg 768w, https:\/\/novasource.de\/wp-content\/uploads\/2020\/03\/IMG_4477-540x405.jpg 540w, https:\/\/novasource.de\/wp-content\/uploads\/2020\/03\/IMG_4477-1080x810.jpg 1080w, https:\/\/novasource.de\/wp-content\/uploads\/2020\/03\/IMG_4477.jpg 1280w\" sizes=\"auto, (max-width: 767px) 89vw, (max-width: 1000px) 54vw, (max-width: 1071px) 543px, 580px\" \/><figcaption class=\"blocks-gallery-item__caption\">D\u00e9rive in &#8230;<\/figcaption><\/figure><\/li><li class=\"blocks-gallery-item\"><figure><img loading=\"lazy\" decoding=\"async\" width=\"1024\" height=\"768\" src=\"https:\/\/novasource.de\/wp-content\/uploads\/2020\/03\/IMG_4482-1024x768.jpg\" alt=\"\" data-id=\"253\" data-full-url=\"https:\/\/novasource.de\/wp-content\/uploads\/2020\/03\/IMG_4482.jpg\" data-link=\"https:\/\/novasource.de\/?attachment_id=253\" class=\"wp-image-253\" srcset=\"https:\/\/novasource.de\/wp-content\/uploads\/2020\/03\/IMG_4482-1024x768.jpg 1024w, https:\/\/novasource.de\/wp-content\/uploads\/2020\/03\/IMG_4482-300x225.jpg 300w, https:\/\/novasource.de\/wp-content\/uploads\/2020\/03\/IMG_4482-768x576.jpg 768w, https:\/\/novasource.de\/wp-content\/uploads\/2020\/03\/IMG_4482-540x405.jpg 540w, https:\/\/novasource.de\/wp-content\/uploads\/2020\/03\/IMG_4482-1080x810.jpg 1080w, https:\/\/novasource.de\/wp-content\/uploads\/2020\/03\/IMG_4482.jpg 1280w\" sizes=\"auto, (max-width: 767px) 89vw, (max-width: 1000px) 54vw, (max-width: 1071px) 543px, 580px\" \/><figcaption class=\"blocks-gallery-item__caption\">&#8230; M\u00f6nchengladbach<\/figcaption><\/figure><\/li><\/ul><\/figure>\n\n\n\n<p><\/p>\n","protected":false},"excerpt":{"rendered":"<p>Einige aktuelle Beispiele meines Lehrangebots &#8211; Seminargestaltung in Pr\u00e4senz &amp; Online in den Studieng\u00e4ngen Kindheitsp\u00e4dagogik, Kulturp\u00e4dagogik, Soziale Arbeit: Virtual Reality in Feldern der Sozialen Arbeit &#8222;Mit meinen Augen: Einladung zum Perspektivwechsel&#8220; >> In selbst gestalteten virtuellen R\u00e4umen und 360\u00b0-Aufnahmen fangen verschiedene Zielgruppen Eindr\u00fccke ihrer Lebenswelt, ihren W\u00fcnschen und Gedanken ein. Mithilfe selbstgebauter Cardboards und\/oder VR-Headsets &hellip; <\/p>\n<p class=\"link-more\"><a href=\"https:\/\/novasource.de\/?page_id=426\" class=\"more-link\"><span class=\"screen-reader-text\">\u201eLehrveranstaltungen\u201c <\/span>weiterlesen<\/a><\/p>\n","protected":false},"author":1,"featured_media":0,"parent":143,"menu_order":3,"comment_status":"closed","ping_status":"closed","template":"","meta":{"footnotes":""},"class_list":["post-426","page","type-page","status-publish","hentry"],"_links":{"self":[{"href":"https:\/\/novasource.de\/index.php?rest_route=\/wp\/v2\/pages\/426","targetHints":{"allow":["GET"]}}],"collection":[{"href":"https:\/\/novasource.de\/index.php?rest_route=\/wp\/v2\/pages"}],"about":[{"href":"https:\/\/novasource.de\/index.php?rest_route=\/wp\/v2\/types\/page"}],"author":[{"embeddable":true,"href":"https:\/\/novasource.de\/index.php?rest_route=\/wp\/v2\/users\/1"}],"replies":[{"embeddable":true,"href":"https:\/\/novasource.de\/index.php?rest_route=%2Fwp%2Fv2%2Fcomments&post=426"}],"version-history":[{"count":10,"href":"https:\/\/novasource.de\/index.php?rest_route=\/wp\/v2\/pages\/426\/revisions"}],"predecessor-version":[{"id":599,"href":"https:\/\/novasource.de\/index.php?rest_route=\/wp\/v2\/pages\/426\/revisions\/599"}],"up":[{"embeddable":true,"href":"https:\/\/novasource.de\/index.php?rest_route=\/wp\/v2\/pages\/143"}],"wp:attachment":[{"href":"https:\/\/novasource.de\/index.php?rest_route=%2Fwp%2Fv2%2Fmedia&parent=426"}],"curies":[{"name":"wp","href":"https:\/\/api.w.org\/{rel}","templated":true}]}}