{"id":366,"date":"2020-09-23T12:48:25","date_gmt":"2020-09-23T12:48:25","guid":{"rendered":"https:\/\/novasource.de\/?page_id=366"},"modified":"2021-11-12T11:09:00","modified_gmt":"2021-11-12T11:09:00","slug":"hello","status":"publish","type":"page","link":"https:\/\/novasource.de\/","title":{"rendered":"Willkommen  &#038;  anderes"},"content":{"rendered":"\n<p>Sch\u00f6n, dich hier zu sehen. Du findest hier einen ganz groben \u00dcberblick an Themen, mit denen ich mich besch\u00e4ftige, Stationen meiner bisherigen Laufbahn und einige Projekte, die aus eigener Initiative oder im Rahmen von Lehrveranstaltungen entstanden sind. <\/p>\n","protected":false},"excerpt":{"rendered":"<p>Sch\u00f6n, dich hier zu sehen. Du findest hier einen ganz groben \u00dcberblick an Themen, mit denen ich mich besch\u00e4ftige, Stationen meiner bisherigen Laufbahn und einige Projekte, die aus eigener Initiative oder im Rahmen von Lehrveranstaltungen entstanden sind.<\/p>\n","protected":false},"author":1,"featured_media":38,"parent":0,"menu_order":0,"comment_status":"closed","ping_status":"closed","template":"template-cover.php","meta":{"footnotes":""},"class_list":["post-366","page","type-page","status-publish","has-post-thumbnail","hentry"],"_links":{"self":[{"href":"https:\/\/novasource.de\/index.php?rest_route=\/wp\/v2\/pages\/366","targetHints":{"allow":["GET"]}}],"collection":[{"href":"https:\/\/novasource.de\/index.php?rest_route=\/wp\/v2\/pages"}],"about":[{"href":"https:\/\/novasource.de\/index.php?rest_route=\/wp\/v2\/types\/page"}],"author":[{"embeddable":true,"href":"https:\/\/novasource.de\/index.php?rest_route=\/wp\/v2\/users\/1"}],"replies":[{"embeddable":true,"href":"https:\/\/novasource.de\/index.php?rest_route=%2Fwp%2Fv2%2Fcomments&post=366"}],"version-history":[{"count":18,"href":"https:\/\/novasource.de\/index.php?rest_route=\/wp\/v2\/pages\/366\/revisions"}],"predecessor-version":[{"id":580,"href":"https:\/\/novasource.de\/index.php?rest_route=\/wp\/v2\/pages\/366\/revisions\/580"}],"wp:featuredmedia":[{"embeddable":true,"href":"https:\/\/novasource.de\/index.php?rest_route=\/wp\/v2\/media\/38"}],"wp:attachment":[{"href":"https:\/\/novasource.de\/index.php?rest_route=%2Fwp%2Fv2%2Fmedia&parent=366"}],"curies":[{"name":"wp","href":"https:\/\/api.w.org\/{rel}","templated":true}]}}