{"id":281,"date":"2020-03-13T16:16:46","date_gmt":"2020-03-13T16:16:46","guid":{"rendered":"http:\/\/novasource.de\/?page_id=281"},"modified":"2020-03-13T17:05:53","modified_gmt":"2020-03-13T17:05:53","slug":"ada-lovelace","status":"publish","type":"page","link":"https:\/\/novasource.de\/?page_id=281","title":{"rendered":"Ada Lovelace"},"content":{"rendered":"\n<figure class=\"wp-block-image size-large\"><img loading=\"lazy\" decoding=\"async\" width=\"1024\" height=\"768\" src=\"http:\/\/novasource.de\/wp-content\/uploads\/2020\/03\/frauenITnetz-1024x768.jpg\" alt=\"\" class=\"wp-image-71\" srcset=\"https:\/\/novasource.de\/wp-content\/uploads\/2020\/03\/frauenITnetz-1024x768.jpg 1024w, https:\/\/novasource.de\/wp-content\/uploads\/2020\/03\/frauenITnetz-300x225.jpg 300w, https:\/\/novasource.de\/wp-content\/uploads\/2020\/03\/frauenITnetz-768x576.jpg 768w, https:\/\/novasource.de\/wp-content\/uploads\/2020\/03\/frauenITnetz-1200x900.jpg 1200w, https:\/\/novasource.de\/wp-content\/uploads\/2020\/03\/frauenITnetz.jpg 1280w\" sizes=\"auto, (max-width: 767px) 89vw, (max-width: 1000px) 54vw, (max-width: 1071px) 543px, 580px\" \/><\/figure>\n\n\n\n<p>Ein Projekt, das sich aus einer Recherchearbeit zum Thema Frauen und IT entwickelte. Ich wollte sehen, welche Vorbilder Kindern &#8211; vor allem M\u00e4dchen &#8211; eigentlich zur Verf\u00fcgung stehen und wo die Urspr\u00fcnge einer m\u00e4nnlich konnotierten Dom\u00e4ne liegen. Bei der Recherche stie\u00df ich schnell auf Ada Lovelace, Mathematikerin und bedeutsame Wegbereiterin f\u00fcr die Computertechnologie, insbesondere durch ihre weise Voraussicht auf die M\u00f6glichkeiten, die wir heute in Gestalt von Algorithmen kennen. Es entstand eine intensive Begegnung und Auseinandersetzung damit, welche Leerstellen in der Geschichte der Computerentwicklung in den Lehrb\u00fcchern und im \u00f6ffentlichen Diskurs herrschen und was die Gr\u00fcnde hierf\u00fcr sein k\u00f6nnen. Dazu werden Zuschreibungen, mit denen Frauen in der IT-Branche konfrontiert werden, aufzudecken und sich ihnen vehement zu widersetzen. <\/p>\n\n\n\n<figure class=\"wp-block-gallery columns-3 is-cropped wp-block-gallery-1 is-layout-flex wp-block-gallery-is-layout-flex\"><ul class=\"blocks-gallery-grid\"><li class=\"blocks-gallery-item\"><figure><img loading=\"lazy\" decoding=\"async\" width=\"768\" height=\"1024\" src=\"http:\/\/novasource.de\/wp-content\/uploads\/2020\/03\/frauenITclose-768x1024.jpg\" alt=\"\" data-id=\"70\" data-full-url=\"http:\/\/novasource.de\/wp-content\/uploads\/2020\/03\/frauenITclose.jpg\" data-link=\"http:\/\/novasource.de\/?attachment_id=70\" class=\"wp-image-70\" srcset=\"https:\/\/novasource.de\/wp-content\/uploads\/2020\/03\/frauenITclose-768x1024.jpg 768w, https:\/\/novasource.de\/wp-content\/uploads\/2020\/03\/frauenITclose-225x300.jpg 225w, https:\/\/novasource.de\/wp-content\/uploads\/2020\/03\/frauenITclose.jpg 960w\" sizes=\"auto, (max-width: 767px) 89vw, (max-width: 1000px) 54vw, (max-width: 1071px) 543px, 580px\" \/><\/figure><\/li><li class=\"blocks-gallery-item\"><figure><img loading=\"lazy\" decoding=\"async\" width=\"1024\" height=\"768\" src=\"http:\/\/novasource.de\/wp-content\/uploads\/2020\/03\/frauenITbu\u0308cher-1024x768.jpg\" alt=\"\" data-id=\"69\" data-full-url=\"http:\/\/novasource.de\/wp-content\/uploads\/2020\/03\/frauenITbu\u0308cher.jpg\" data-link=\"http:\/\/novasource.de\/?attachment_id=69\" class=\"wp-image-69\" srcset=\"https:\/\/novasource.de\/wp-content\/uploads\/2020\/03\/frauenITbu\u0308cher-1024x768.jpg 1024w, https:\/\/novasource.de\/wp-content\/uploads\/2020\/03\/frauenITbu\u0308cher-300x225.jpg 300w, https:\/\/novasource.de\/wp-content\/uploads\/2020\/03\/frauenITbu\u0308cher-768x576.jpg 768w, https:\/\/novasource.de\/wp-content\/uploads\/2020\/03\/frauenITbu\u0308cher-1200x900.jpg 1200w, https:\/\/novasource.de\/wp-content\/uploads\/2020\/03\/frauenITbu\u0308cher.jpg 1280w\" sizes=\"auto, (max-width: 767px) 89vw, (max-width: 1000px) 54vw, (max-width: 1071px) 543px, 580px\" \/><\/figure><\/li><li class=\"blocks-gallery-item\"><figure><img loading=\"lazy\" decoding=\"async\" width=\"1024\" height=\"768\" src=\"http:\/\/novasource.de\/wp-content\/uploads\/2020\/03\/frauenITbuchaufegschlagen-1024x768.jpg\" alt=\"\" data-id=\"68\" data-full-url=\"http:\/\/novasource.de\/wp-content\/uploads\/2020\/03\/frauenITbuchaufegschlagen.jpg\" data-link=\"http:\/\/novasource.de\/?attachment_id=68\" class=\"wp-image-68\" srcset=\"https:\/\/novasource.de\/wp-content\/uploads\/2020\/03\/frauenITbuchaufegschlagen-1024x768.jpg 1024w, https:\/\/novasource.de\/wp-content\/uploads\/2020\/03\/frauenITbuchaufegschlagen-300x225.jpg 300w, https:\/\/novasource.de\/wp-content\/uploads\/2020\/03\/frauenITbuchaufegschlagen-768x576.jpg 768w, https:\/\/novasource.de\/wp-content\/uploads\/2020\/03\/frauenITbuchaufegschlagen-1200x900.jpg 1200w, https:\/\/novasource.de\/wp-content\/uploads\/2020\/03\/frauenITbuchaufegschlagen.jpg 1280w\" sizes=\"auto, (max-width: 767px) 89vw, (max-width: 1000px) 54vw, (max-width: 1071px) 543px, 580px\" \/><\/figure><\/li><li class=\"blocks-gallery-item\"><figure><img loading=\"lazy\" decoding=\"async\" width=\"768\" height=\"1024\" src=\"http:\/\/novasource.de\/wp-content\/uploads\/2020\/03\/frauenITtotale-768x1024.jpg\" alt=\"\" data-id=\"72\" data-full-url=\"http:\/\/novasource.de\/wp-content\/uploads\/2020\/03\/frauenITtotale.jpg\" data-link=\"http:\/\/novasource.de\/?attachment_id=72\" class=\"wp-image-72\" srcset=\"https:\/\/novasource.de\/wp-content\/uploads\/2020\/03\/frauenITtotale-768x1024.jpg 768w, https:\/\/novasource.de\/wp-content\/uploads\/2020\/03\/frauenITtotale-225x300.jpg 225w, https:\/\/novasource.de\/wp-content\/uploads\/2020\/03\/frauenITtotale.jpg 960w\" sizes=\"auto, (max-width: 767px) 89vw, (max-width: 1000px) 54vw, (max-width: 1071px) 543px, 580px\" \/><\/figure><\/li><\/ul><\/figure>\n\n\n\n<p><strong>Installation:<\/strong><\/p>\n\n\n\n<p>F\u00fcnf B\u00fccher: Erstes Buch: Im Anfang \/\/ Zweites Buch: Namen. \/\/ Drittes Buch: Und er rief. \/\/ Viertes Buch: In der W\u00fcste. \/\/ F\u00fcnftes Buch: Worte.<\/p>\n\n\n\n<p>Pochoir von Portrt\u00e4t von Ada Lovelace; Druckschablone, um Stofftaschen und Sticker zu (be)drucken<\/p>\n","protected":false},"excerpt":{"rendered":"<p>Ein Projekt, das sich aus einer Recherchearbeit zum Thema Frauen und IT entwickelte. Ich wollte sehen, welche Vorbilder Kindern &#8211; vor allem M\u00e4dchen &#8211; eigentlich zur Verf\u00fcgung stehen und wo die Urspr\u00fcnge einer m\u00e4nnlich konnotierten Dom\u00e4ne liegen. Bei der Recherche stie\u00df ich schnell auf Ada Lovelace, Mathematikerin und bedeutsame Wegbereiterin f\u00fcr die Computertechnologie, insbesondere durch &hellip; <\/p>\n<p class=\"link-more\"><a href=\"https:\/\/novasource.de\/?page_id=281\" class=\"more-link\"><span class=\"screen-reader-text\">\u201eAda Lovelace\u201c <\/span>weiterlesen<\/a><\/p>\n","protected":false},"author":1,"featured_media":0,"parent":279,"menu_order":0,"comment_status":"closed","ping_status":"closed","template":"","meta":{"footnotes":""},"class_list":["post-281","page","type-page","status-publish","hentry"],"_links":{"self":[{"href":"https:\/\/novasource.de\/index.php?rest_route=\/wp\/v2\/pages\/281","targetHints":{"allow":["GET"]}}],"collection":[{"href":"https:\/\/novasource.de\/index.php?rest_route=\/wp\/v2\/pages"}],"about":[{"href":"https:\/\/novasource.de\/index.php?rest_route=\/wp\/v2\/types\/page"}],"author":[{"embeddable":true,"href":"https:\/\/novasource.de\/index.php?rest_route=\/wp\/v2\/users\/1"}],"replies":[{"embeddable":true,"href":"https:\/\/novasource.de\/index.php?rest_route=%2Fwp%2Fv2%2Fcomments&post=281"}],"version-history":[{"count":2,"href":"https:\/\/novasource.de\/index.php?rest_route=\/wp\/v2\/pages\/281\/revisions"}],"predecessor-version":[{"id":284,"href":"https:\/\/novasource.de\/index.php?rest_route=\/wp\/v2\/pages\/281\/revisions\/284"}],"up":[{"embeddable":true,"href":"https:\/\/novasource.de\/index.php?rest_route=\/wp\/v2\/pages\/279"}],"wp:attachment":[{"href":"https:\/\/novasource.de\/index.php?rest_route=%2Fwp%2Fv2%2Fmedia&parent=281"}],"curies":[{"name":"wp","href":"https:\/\/api.w.org\/{rel}","templated":true}]}}