{"id":204,"date":"2020-03-10T11:21:02","date_gmt":"2020-03-10T11:21:02","guid":{"rendered":"http:\/\/novasource.de\/?page_id=204"},"modified":"2020-03-13T16:43:56","modified_gmt":"2020-03-13T16:43:56","slug":"zeus-medusa-die-anderen","status":"publish","type":"page","link":"https:\/\/novasource.de\/?page_id=204","title":{"rendered":"Zeus, Medusa &#038; die anderen"},"content":{"rendered":"\n<figure class=\"wp-block-gallery columns-3 is-cropped wp-block-gallery-1 is-layout-flex wp-block-gallery-is-layout-flex\"><ul class=\"blocks-gallery-grid\"><li class=\"blocks-gallery-item\"><figure><img loading=\"lazy\" decoding=\"async\" width=\"1024\" height=\"765\" src=\"http:\/\/novasource.de\/wp-content\/uploads\/2020\/03\/ho\u0308rclubgeschichtemalen3-1024x765.jpg\" alt=\"\" data-id=\"54\" data-full-url=\"http:\/\/novasource.de\/wp-content\/uploads\/2020\/03\/ho\u0308rclubgeschichtemalen3.jpg\" data-link=\"http:\/\/novasource.de\/?attachment_id=54\" class=\"wp-image-54\" srcset=\"https:\/\/novasource.de\/wp-content\/uploads\/2020\/03\/ho\u0308rclubgeschichtemalen3-1024x765.jpg 1024w, https:\/\/novasource.de\/wp-content\/uploads\/2020\/03\/ho\u0308rclubgeschichtemalen3-300x224.jpg 300w, https:\/\/novasource.de\/wp-content\/uploads\/2020\/03\/ho\u0308rclubgeschichtemalen3-768x574.jpg 768w, https:\/\/novasource.de\/wp-content\/uploads\/2020\/03\/ho\u0308rclubgeschichtemalen3-1200x896.jpg 1200w, https:\/\/novasource.de\/wp-content\/uploads\/2020\/03\/ho\u0308rclubgeschichtemalen3.jpg 1280w\" sizes=\"auto, (max-width: 767px) 89vw, (max-width: 1000px) 54vw, (max-width: 1071px) 543px, 580px\" \/><\/figure><\/li><li class=\"blocks-gallery-item\"><figure><img loading=\"lazy\" decoding=\"async\" width=\"1024\" height=\"765\" src=\"http:\/\/novasource.de\/wp-content\/uploads\/2020\/03\/ho\u0308rclubgeschichtemalen2-1024x765.jpg\" alt=\"\" data-id=\"53\" data-full-url=\"http:\/\/novasource.de\/wp-content\/uploads\/2020\/03\/ho\u0308rclubgeschichtemalen2.jpg\" data-link=\"http:\/\/novasource.de\/?attachment_id=53\" class=\"wp-image-53\" srcset=\"https:\/\/novasource.de\/wp-content\/uploads\/2020\/03\/ho\u0308rclubgeschichtemalen2-1024x765.jpg 1024w, https:\/\/novasource.de\/wp-content\/uploads\/2020\/03\/ho\u0308rclubgeschichtemalen2-300x224.jpg 300w, https:\/\/novasource.de\/wp-content\/uploads\/2020\/03\/ho\u0308rclubgeschichtemalen2-768x574.jpg 768w, https:\/\/novasource.de\/wp-content\/uploads\/2020\/03\/ho\u0308rclubgeschichtemalen2-1200x896.jpg 1200w, https:\/\/novasource.de\/wp-content\/uploads\/2020\/03\/ho\u0308rclubgeschichtemalen2.jpg 1280w\" sizes=\"auto, (max-width: 767px) 89vw, (max-width: 1000px) 54vw, (max-width: 1071px) 543px, 580px\" \/><\/figure><\/li><li class=\"blocks-gallery-item\"><figure><img loading=\"lazy\" decoding=\"async\" width=\"1024\" height=\"765\" src=\"http:\/\/novasource.de\/wp-content\/uploads\/2020\/03\/ho\u0308rclubgeschichtemalen-1024x765.jpg\" alt=\"\" data-id=\"52\" data-full-url=\"http:\/\/novasource.de\/wp-content\/uploads\/2020\/03\/ho\u0308rclubgeschichtemalen.jpg\" data-link=\"http:\/\/novasource.de\/?attachment_id=52\" class=\"wp-image-52\" srcset=\"https:\/\/novasource.de\/wp-content\/uploads\/2020\/03\/ho\u0308rclubgeschichtemalen-1024x765.jpg 1024w, https:\/\/novasource.de\/wp-content\/uploads\/2020\/03\/ho\u0308rclubgeschichtemalen-300x224.jpg 300w, https:\/\/novasource.de\/wp-content\/uploads\/2020\/03\/ho\u0308rclubgeschichtemalen-768x574.jpg 768w, https:\/\/novasource.de\/wp-content\/uploads\/2020\/03\/ho\u0308rclubgeschichtemalen-1200x896.jpg 1200w, https:\/\/novasource.de\/wp-content\/uploads\/2020\/03\/ho\u0308rclubgeschichtemalen.jpg 1280w\" sizes=\"auto, (max-width: 767px) 89vw, (max-width: 1000px) 54vw, (max-width: 1071px) 543px, 580px\" \/><\/figure><\/li><\/ul><\/figure>\n\n\n\n<p>Griechische Mythologie in Klang und Bild<\/p>\n\n\n\n<p>Im Rahmen des H\u00f6rclubs waren Wahrnehmungs- und Konzentrationsschulung, Zuh\u00f6ren lernen, Geh\u00f6rtes wiedergeben und eine eigene Position dazu zu beziehen Schwerpunkte und Zielsetzung. Bei diesem kleinen Projekt standen CDs zur Auswahl, die gemeinsam rezipiert wurden. Das Geh\u00f6rte wurde auf einer gro\u00dfen Papierrolle aufs Papier gebracht und sp\u00e4ter nacherz\u00e4hlt, interpretiert und mit anderen m\u00f6glichen Enden der Geschichte weiter gesponnen. <\/p>\n\n\n\n<p><strong>Medien &amp; Materialien:<\/strong> CDs (zur Vorstellung der CD der Woche, Auswahl auf Basis der Empfehlung der Stiftung Zuh\u00f6ren; ebenso Vorschl\u00e4ge und W\u00fcnsche der Kinder) <\/p>\n\n\n\n<p>Papierrolle, ca. 10 m (oder helle R\u00fcckseite Geschenkpapier),\nviele Filz- oder Wachsmalstifte, Platz auf dem Boden<\/p>\n","protected":false},"excerpt":{"rendered":"<p>Griechische Mythologie in Klang und Bild Im Rahmen des H\u00f6rclubs waren Wahrnehmungs- und Konzentrationsschulung, Zuh\u00f6ren lernen, Geh\u00f6rtes wiedergeben und eine eigene Position dazu zu beziehen Schwerpunkte und Zielsetzung. Bei diesem kleinen Projekt standen CDs zur Auswahl, die gemeinsam rezipiert wurden. Das Geh\u00f6rte wurde auf einer gro\u00dfen Papierrolle aufs Papier gebracht und sp\u00e4ter nacherz\u00e4hlt, interpretiert und &hellip; <\/p>\n<p class=\"link-more\"><a href=\"https:\/\/novasource.de\/?page_id=204\" class=\"more-link\"><span class=\"screen-reader-text\">\u201eZeus, Medusa &#038; die anderen\u201c <\/span>weiterlesen<\/a><\/p>\n","protected":false},"author":1,"featured_media":0,"parent":279,"menu_order":5,"comment_status":"closed","ping_status":"closed","template":"","meta":{"footnotes":""},"class_list":["post-204","page","type-page","status-publish","hentry"],"_links":{"self":[{"href":"https:\/\/novasource.de\/index.php?rest_route=\/wp\/v2\/pages\/204","targetHints":{"allow":["GET"]}}],"collection":[{"href":"https:\/\/novasource.de\/index.php?rest_route=\/wp\/v2\/pages"}],"about":[{"href":"https:\/\/novasource.de\/index.php?rest_route=\/wp\/v2\/types\/page"}],"author":[{"embeddable":true,"href":"https:\/\/novasource.de\/index.php?rest_route=\/wp\/v2\/users\/1"}],"replies":[{"embeddable":true,"href":"https:\/\/novasource.de\/index.php?rest_route=%2Fwp%2Fv2%2Fcomments&post=204"}],"version-history":[{"count":2,"href":"https:\/\/novasource.de\/index.php?rest_route=\/wp\/v2\/pages\/204\/revisions"}],"predecessor-version":[{"id":266,"href":"https:\/\/novasource.de\/index.php?rest_route=\/wp\/v2\/pages\/204\/revisions\/266"}],"up":[{"embeddable":true,"href":"https:\/\/novasource.de\/index.php?rest_route=\/wp\/v2\/pages\/279"}],"wp:attachment":[{"href":"https:\/\/novasource.de\/index.php?rest_route=%2Fwp%2Fv2%2Fmedia&parent=204"}],"curies":[{"name":"wp","href":"https:\/\/api.w.org\/{rel}","templated":true}]}}