{"id":197,"date":"2020-03-10T10:57:02","date_gmt":"2020-03-10T10:57:02","guid":{"rendered":"http:\/\/novasource.de\/?page_id=197"},"modified":"2020-03-13T16:43:15","modified_gmt":"2020-03-13T16:43:15","slug":"hoerclub-happy-club","status":"publish","type":"page","link":"https:\/\/novasource.de\/?page_id=197","title":{"rendered":"H\u00f6rclub: Happy Club"},"content":{"rendered":"\n<figure class=\"wp-block-image size-large\"><img loading=\"lazy\" decoding=\"async\" width=\"1024\" height=\"768\" src=\"http:\/\/novasource.de\/wp-content\/uploads\/2020\/03\/IMG_0941-1-1024x768.jpg\" alt=\"\" class=\"wp-image-201\" srcset=\"https:\/\/novasource.de\/wp-content\/uploads\/2020\/03\/IMG_0941-1-1024x768.jpg 1024w, https:\/\/novasource.de\/wp-content\/uploads\/2020\/03\/IMG_0941-1-300x225.jpg 300w, https:\/\/novasource.de\/wp-content\/uploads\/2020\/03\/IMG_0941-1-768x576.jpg 768w, https:\/\/novasource.de\/wp-content\/uploads\/2020\/03\/IMG_0941-1-540x405.jpg 540w, https:\/\/novasource.de\/wp-content\/uploads\/2020\/03\/IMG_0941-1-1080x810.jpg 1080w, https:\/\/novasource.de\/wp-content\/uploads\/2020\/03\/IMG_0941-1.jpg 1280w\" sizes=\"auto, (max-width: 767px) 89vw, (max-width: 1000px) 54vw, (max-width: 1071px) 543px, 580px\" \/><\/figure>\n\n\n\n<p>Die Projektidee brachte ich den Kindern einer vierten Grundschulklasse mit &#8211; Anlass war die Ver\u00f6ffentlichung des aktuellen World Happiness Reports. So setzten sich die Kinder mit dem \u201eGl\u00fccklich sein\u201c auseinander. In manchen L\u00e4ndern und Schulen gibt es sogar das Schulfach &#8222;Gl\u00fcck&#8220;&#8230;. Was macht euch gl\u00fccklich? Kann man gute Laune selber machen? Was macht Spa\u00df, was stresst? Wie hei\u00dft &#8222;gl\u00fccklich sein&#8220; in anderen Sprachen? <\/p>\n\n\n\n<p>Die Kinder erstellten Beitr\u00e4ge in Form verschiedener Formate wie etwa Interviews, Reportagen, Umfragen, Comedy. Eine Gruppe bearbeitete das Thema Computerspiele. Ein Hobby, das Spa\u00df macht, aber auch manchmal f\u00fcr schlechte Laune sorgt. Dazu interviewte die Gruppe eine professionelle Spieleentwicklerin aus der Gamesbranche eines ortsans\u00e4ssigen Unternehmens, das wir zu diesem Zweck besuchen durften. <\/p>\n\n\n\n<p>Bei der Pr\u00e4sentation, die feierlich in der Aula vor den Eltern stattfand, wurden auch selbstgestaltete Plakate zu Gl\u00fccksbringern pr\u00e4sentiert.<\/p>\n\n\n\n<p><em>Medien &amp; Materialien: <\/em>MP3-Aufnahmeger\u00e4t, Computer, externes Mikrophon, Audioschnittprogramm Garageband, CD-Brenner, Alltagsmaterialien f\u00fcr die Herstellung von Ger\u00e4uschen, Interviewleitfaden<\/p>\n\n\n\n<figure class=\"wp-block-image size-large\"><img loading=\"lazy\" decoding=\"async\" width=\"1024\" height=\"768\" src=\"http:\/\/novasource.de\/wp-content\/uploads\/2020\/03\/daruma-1024x768.jpg\" alt=\"\" class=\"wp-image-202\" srcset=\"https:\/\/novasource.de\/wp-content\/uploads\/2020\/03\/daruma-1024x768.jpg 1024w, https:\/\/novasource.de\/wp-content\/uploads\/2020\/03\/daruma-300x225.jpg 300w, https:\/\/novasource.de\/wp-content\/uploads\/2020\/03\/daruma-768x576.jpg 768w, https:\/\/novasource.de\/wp-content\/uploads\/2020\/03\/daruma-540x405.jpg 540w, https:\/\/novasource.de\/wp-content\/uploads\/2020\/03\/daruma-1080x810.jpg 1080w, https:\/\/novasource.de\/wp-content\/uploads\/2020\/03\/daruma.jpg 1280w\" sizes=\"auto, (max-width: 767px) 89vw, (max-width: 1000px) 54vw, (max-width: 1071px) 543px, 580px\" \/><\/figure>\n","protected":false},"excerpt":{"rendered":"<p>Die Projektidee brachte ich den Kindern einer vierten Grundschulklasse mit &#8211; Anlass war die Ver\u00f6ffentlichung des aktuellen World Happiness Reports. So setzten sich die Kinder mit dem \u201eGl\u00fccklich sein\u201c auseinander. In manchen L\u00e4ndern und Schulen gibt es sogar das Schulfach &#8222;Gl\u00fcck&#8220;&#8230;. Was macht euch gl\u00fccklich? Kann man gute Laune selber machen? Was macht Spa\u00df, was &hellip; <\/p>\n<p class=\"link-more\"><a href=\"https:\/\/novasource.de\/?page_id=197\" class=\"more-link\"><span class=\"screen-reader-text\">\u201eH\u00f6rclub: Happy Club\u201c <\/span>weiterlesen<\/a><\/p>\n","protected":false},"author":1,"featured_media":0,"parent":279,"menu_order":2,"comment_status":"closed","ping_status":"closed","template":"","meta":{"footnotes":""},"class_list":["post-197","page","type-page","status-publish","hentry"],"_links":{"self":[{"href":"https:\/\/novasource.de\/index.php?rest_route=\/wp\/v2\/pages\/197","targetHints":{"allow":["GET"]}}],"collection":[{"href":"https:\/\/novasource.de\/index.php?rest_route=\/wp\/v2\/pages"}],"about":[{"href":"https:\/\/novasource.de\/index.php?rest_route=\/wp\/v2\/types\/page"}],"author":[{"embeddable":true,"href":"https:\/\/novasource.de\/index.php?rest_route=\/wp\/v2\/users\/1"}],"replies":[{"embeddable":true,"href":"https:\/\/novasource.de\/index.php?rest_route=%2Fwp%2Fv2%2Fcomments&post=197"}],"version-history":[{"count":3,"href":"https:\/\/novasource.de\/index.php?rest_route=\/wp\/v2\/pages\/197\/revisions"}],"predecessor-version":[{"id":272,"href":"https:\/\/novasource.de\/index.php?rest_route=\/wp\/v2\/pages\/197\/revisions\/272"}],"up":[{"embeddable":true,"href":"https:\/\/novasource.de\/index.php?rest_route=\/wp\/v2\/pages\/279"}],"wp:attachment":[{"href":"https:\/\/novasource.de\/index.php?rest_route=%2Fwp%2Fv2%2Fmedia&parent=197"}],"curies":[{"name":"wp","href":"https:\/\/api.w.org\/{rel}","templated":true}]}}