{"id":143,"date":"2020-03-05T17:10:28","date_gmt":"2020-03-05T17:10:28","guid":{"rendered":"http:\/\/novasource.de\/?page_id=143"},"modified":"2024-12-13T11:03:42","modified_gmt":"2024-12-13T11:03:42","slug":"ueber-mich-2","status":"publish","type":"page","link":"https:\/\/novasource.de\/?page_id=143","title":{"rendered":"\u00dcber mich"},"content":{"rendered":"\n<figure class=\"wp-block-image\"><img loading=\"lazy\" decoding=\"async\" width=\"768\" height=\"1024\" src=\"http:\/\/novasource.de\/wp-content\/uploads\/2020\/03\/bigdataprojektCN-1-768x1024.jpg\" alt=\"\" class=\"wp-image-81\" srcset=\"https:\/\/novasource.de\/wp-content\/uploads\/2020\/03\/bigdataprojektCN-1-768x1024.jpg 768w, https:\/\/novasource.de\/wp-content\/uploads\/2020\/03\/bigdataprojektCN-1-225x300.jpg 225w, https:\/\/novasource.de\/wp-content\/uploads\/2020\/03\/bigdataprojektCN-1.jpg 960w\" sizes=\"auto, (max-width: 767px) 89vw, (max-width: 1000px) 54vw, (max-width: 1071px) 543px, 580px\" \/><\/figure>\n\n\n\n<h2 class=\"wp-block-heading\">Christine Nowak<\/h2>\n\n\n\n<p>Seit 20.09.1972<\/p>\n\n\n\n<p>Im ersten Leben als Werbetexterin und Konzeptionerin f\u00fcr Print, Film, Funk &amp; Netz t\u00e4tig, nach zwei Studieng\u00e4ngen (Kindheitsp\u00e4dagogik &amp; Familienbildung BA sowie Kultur, \u00c4sthetik, Medien MA) als Kindheitsp\u00e4dagogin mit Schwerpunkt Medienbildung aktiv. <\/p>\n\n\n\n<p>Besondere Interessensschwerpunkte: Partizipation von Kindern und Jugendlichen, Klimaschutz, BNE,  mediale R\u00e4ume als Artikulationsr\u00e4ume, Bildungsprozesse, \u00e4sthetische, kreative &amp; reflexive Medienarbeit, Genderperspektiven, Antirassismus, diversit\u00e4tssensible P\u00e4dagogik, Akteur-Netzwerk-Theorie, Transfer- und Transformationsprozesse, rekonstruktive Sozialforschung, dokumentarische Methode, dokumentarische Evaluationsforschung.<\/p>\n","protected":false},"excerpt":{"rendered":"<p>Christine Nowak Seit 20.09.1972 Im ersten Leben als Werbetexterin und Konzeptionerin f\u00fcr Print, Film, Funk &amp; Netz t\u00e4tig, nach zwei Studieng\u00e4ngen (Kindheitsp\u00e4dagogik &amp; Familienbildung BA sowie Kultur, \u00c4sthetik, Medien MA) als Kindheitsp\u00e4dagogin mit Schwerpunkt Medienbildung aktiv. Besondere Interessensschwerpunkte: Partizipation von Kindern und Jugendlichen, Klimaschutz, BNE, mediale R\u00e4ume als Artikulationsr\u00e4ume, Bildungsprozesse, \u00e4sthetische, kreative &amp; reflexive Medienarbeit, &hellip; <\/p>\n<p class=\"link-more\"><a href=\"https:\/\/novasource.de\/?page_id=143\" class=\"more-link\"><span class=\"screen-reader-text\">\u201e\u00dcber mich\u201c <\/span>weiterlesen<\/a><\/p>\n","protected":false},"author":1,"featured_media":0,"parent":0,"menu_order":0,"comment_status":"closed","ping_status":"closed","template":"","meta":{"footnotes":""},"class_list":["post-143","page","type-page","status-publish","hentry"],"_links":{"self":[{"href":"https:\/\/novasource.de\/index.php?rest_route=\/wp\/v2\/pages\/143","targetHints":{"allow":["GET"]}}],"collection":[{"href":"https:\/\/novasource.de\/index.php?rest_route=\/wp\/v2\/pages"}],"about":[{"href":"https:\/\/novasource.de\/index.php?rest_route=\/wp\/v2\/types\/page"}],"author":[{"embeddable":true,"href":"https:\/\/novasource.de\/index.php?rest_route=\/wp\/v2\/users\/1"}],"replies":[{"embeddable":true,"href":"https:\/\/novasource.de\/index.php?rest_route=%2Fwp%2Fv2%2Fcomments&post=143"}],"version-history":[{"count":11,"href":"https:\/\/novasource.de\/index.php?rest_route=\/wp\/v2\/pages\/143\/revisions"}],"predecessor-version":[{"id":608,"href":"https:\/\/novasource.de\/index.php?rest_route=\/wp\/v2\/pages\/143\/revisions\/608"}],"wp:attachment":[{"href":"https:\/\/novasource.de\/index.php?rest_route=%2Fwp%2Fv2%2Fmedia&parent=143"}],"curies":[{"name":"wp","href":"https:\/\/api.w.org\/{rel}","templated":true}]}}