{"id":106,"date":"2020-03-03T16:46:13","date_gmt":"2020-03-03T16:46:13","guid":{"rendered":"http:\/\/novasource.de\/?page_id=106"},"modified":"2021-09-02T07:49:19","modified_gmt":"2021-09-02T07:49:19","slug":"ipad-ag","status":"publish","type":"page","link":"https:\/\/novasource.de\/?page_id=106","title":{"rendered":"iPad-AG"},"content":{"rendered":"\n<div class=\"wp-block-columns alignwide is-layout-flex wp-container-core-columns-is-layout-9d6595d7 wp-block-columns-is-layout-flex\">\n<div class=\"wp-block-column is-layout-flow wp-block-column-is-layout-flow\" style=\"flex-basis:50%\">\n<figure class=\"wp-block-image\"><img loading=\"lazy\" decoding=\"async\" width=\"768\" height=\"1024\" src=\"http:\/\/novasource.de\/wp-content\/uploads\/2020\/03\/ipadAGtitelbild-768x1024.jpg\" alt=\"\" class=\"wp-image-42\" srcset=\"https:\/\/novasource.de\/wp-content\/uploads\/2020\/03\/ipadAGtitelbild-768x1024.jpg 768w, https:\/\/novasource.de\/wp-content\/uploads\/2020\/03\/ipadAGtitelbild-225x300.jpg 225w, https:\/\/novasource.de\/wp-content\/uploads\/2020\/03\/ipadAGtitelbild.jpg 960w\" sizes=\"auto, (max-width: 767px) 89vw, (max-width: 1000px) 54vw, (max-width: 1071px) 543px, 580px\" \/><\/figure>\n\n\n\n<figure class=\"wp-block-image size-large\"><img loading=\"lazy\" decoding=\"async\" width=\"1024\" height=\"623\" src=\"https:\/\/novasource.de\/wp-content\/uploads\/2021\/09\/Bildschirmfoto-2021-09-02-um-09.33.49-1024x623.png\" alt=\"\" class=\"wp-image-562\" srcset=\"https:\/\/novasource.de\/wp-content\/uploads\/2021\/09\/Bildschirmfoto-2021-09-02-um-09.33.49-1024x623.png 1024w, https:\/\/novasource.de\/wp-content\/uploads\/2021\/09\/Bildschirmfoto-2021-09-02-um-09.33.49-300x182.png 300w, https:\/\/novasource.de\/wp-content\/uploads\/2021\/09\/Bildschirmfoto-2021-09-02-um-09.33.49-768x467.png 768w, https:\/\/novasource.de\/wp-content\/uploads\/2021\/09\/Bildschirmfoto-2021-09-02-um-09.33.49-1536x934.png 1536w, https:\/\/novasource.de\/wp-content\/uploads\/2021\/09\/Bildschirmfoto-2021-09-02-um-09.33.49.png 1848w\" sizes=\"auto, (max-width: 767px) 89vw, (max-width: 1000px) 54vw, (max-width: 1071px) 543px, 580px\" \/><\/figure>\n\n\n\n<figure class=\"wp-block-image size-large\"><img loading=\"lazy\" decoding=\"async\" width=\"1024\" height=\"785\" src=\"https:\/\/novasource.de\/wp-content\/uploads\/2021\/09\/Bildschirmfoto-2021-09-02-um-09.34.07-1024x785.png\" alt=\"\" class=\"wp-image-563\" srcset=\"https:\/\/novasource.de\/wp-content\/uploads\/2021\/09\/Bildschirmfoto-2021-09-02-um-09.34.07-1024x785.png 1024w, https:\/\/novasource.de\/wp-content\/uploads\/2021\/09\/Bildschirmfoto-2021-09-02-um-09.34.07-300x230.png 300w, https:\/\/novasource.de\/wp-content\/uploads\/2021\/09\/Bildschirmfoto-2021-09-02-um-09.34.07-768x588.png 768w, https:\/\/novasource.de\/wp-content\/uploads\/2021\/09\/Bildschirmfoto-2021-09-02-um-09.34.07-1536x1177.png 1536w, https:\/\/novasource.de\/wp-content\/uploads\/2021\/09\/Bildschirmfoto-2021-09-02-um-09.34.07.png 1848w\" sizes=\"auto, (max-width: 767px) 89vw, (max-width: 1000px) 54vw, (max-width: 1071px) 543px, 580px\" \/><\/figure>\n\n\n\n<figure class=\"wp-block-image size-large\"><img loading=\"lazy\" decoding=\"async\" width=\"1024\" height=\"785\" src=\"https:\/\/novasource.de\/wp-content\/uploads\/2021\/09\/Bildschirmfoto-2021-09-02-um-09.35.01-1024x785.png\" alt=\"\" class=\"wp-image-560\" srcset=\"https:\/\/novasource.de\/wp-content\/uploads\/2021\/09\/Bildschirmfoto-2021-09-02-um-09.35.01-1024x785.png 1024w, https:\/\/novasource.de\/wp-content\/uploads\/2021\/09\/Bildschirmfoto-2021-09-02-um-09.35.01-300x230.png 300w, https:\/\/novasource.de\/wp-content\/uploads\/2021\/09\/Bildschirmfoto-2021-09-02-um-09.35.01-768x588.png 768w, https:\/\/novasource.de\/wp-content\/uploads\/2021\/09\/Bildschirmfoto-2021-09-02-um-09.35.01-1536x1177.png 1536w, https:\/\/novasource.de\/wp-content\/uploads\/2021\/09\/Bildschirmfoto-2021-09-02-um-09.35.01.png 1848w\" sizes=\"auto, (max-width: 767px) 89vw, (max-width: 1000px) 54vw, (max-width: 1071px) 543px, 580px\" \/><\/figure>\n\n\n\n<figure class=\"wp-block-image size-large\"><img loading=\"lazy\" decoding=\"async\" width=\"1024\" height=\"785\" src=\"https:\/\/novasource.de\/wp-content\/uploads\/2021\/09\/Bildschirmfoto-2021-09-02-um-09.35.55-1024x785.png\" alt=\"\" class=\"wp-image-564\" srcset=\"https:\/\/novasource.de\/wp-content\/uploads\/2021\/09\/Bildschirmfoto-2021-09-02-um-09.35.55-1024x785.png 1024w, https:\/\/novasource.de\/wp-content\/uploads\/2021\/09\/Bildschirmfoto-2021-09-02-um-09.35.55-300x230.png 300w, https:\/\/novasource.de\/wp-content\/uploads\/2021\/09\/Bildschirmfoto-2021-09-02-um-09.35.55-768x588.png 768w, https:\/\/novasource.de\/wp-content\/uploads\/2021\/09\/Bildschirmfoto-2021-09-02-um-09.35.55-1536x1177.png 1536w, https:\/\/novasource.de\/wp-content\/uploads\/2021\/09\/Bildschirmfoto-2021-09-02-um-09.35.55.png 1848w\" sizes=\"auto, (max-width: 767px) 89vw, (max-width: 1000px) 54vw, (max-width: 1071px) 543px, 580px\" \/><\/figure>\n<\/div>\n\n\n\n<div class=\"wp-block-column is-layout-flow wp-block-column-is-layout-flow\" style=\"flex-basis:50%\">\n<h2 class=\"wp-block-heading\">Lieblingsorte    in    der Schule <\/h2>\n\n\n\n<p>Im Rahmen der iPad-AG wurde das 60-j\u00e4hrige Jubil\u00e4um (2015) der denkmalgesch\u00fctzten Schule zum Anlass genommen, sich mit dem Lern- und Lebensort Schule auseinandersetzen. Wo halte ich mich am liebsten auf, was sind Lieblingsorte, gibt es &#8222;Unwohlf\u00fchl&#8220;-Orte, wie k\u00f6nnten Schulr\u00e4ume in Zukunft aussehen? Die Erkenntnisse wurden in Form einer <strong>Website<\/strong> pr\u00e4sentiert, die die Kinder erstellt haben.<\/p>\n\n\n\n<p>Mit Methoden wie Brainstorming, Zukunftswerkstatt, Skizzen, Zeichnungen, Erz\u00e4hlungen, Wunschlisten nahm das Projekt seinen Anfang.<\/p>\n\n\n\n<p>Mit dem iPad erkunden die Sch\u00fcler*innen ihre Schule und fotografieren ihre Lieblingsorte. Nachdem sie mit den Funktionen vertraut sind, machen wir uns gemeinsam auf, eine Website zu erstellen und \u00fcber die Schule zu berichten. Die Software bietet einen eingeschr\u00e4nkten aber ausreichenden Funktionsrahmen, der die Kinder fordert aber nicht \u00fcberfordert. Hier geht es zur Seite: <a href=\"https:\/\/www.primolo.de\/node\/72084\" target=\"_blank\" rel=\"noreferrer noopener\" aria-label=\"Klassenr\u00e4ume der Zukunft (\u00f6ffnet in neuem Tab)\">Klassenr\u00e4ume der Zukunft<\/a><\/p>\n\n\n\n<p><strong>Medien &amp; Materialien:<\/strong> iPads, Software Primolo zur Websitegestaltung, die eigens f\u00fcr Grundschulen konzipiert wurde. Jedes Kind erhielt anfangs eine Portfoliomappe, die zur Sammlung der Gedanken, Anleitungen f\u00fcr die Website-Gestaltung und weiteren Informationen diente und am Ende eine sch\u00f6ne Erinnerung an das Projekt war.<\/p>\n\n\n\n<p><\/p>\n<\/div>\n<\/div>\n\n\n\n<figure class=\"wp-block-gallery columns-3 is-cropped wp-block-gallery-1 is-layout-flex wp-block-gallery-is-layout-flex\"><ul class=\"blocks-gallery-grid\"><li class=\"blocks-gallery-item\"><figure><img loading=\"lazy\" decoding=\"async\" width=\"1024\" height=\"768\" src=\"http:\/\/novasource.de\/wp-content\/uploads\/2020\/03\/architektur4b-1024x768.jpg\" alt=\"\" data-id=\"77\" data-full-url=\"http:\/\/novasource.de\/wp-content\/uploads\/2020\/03\/architektur4b.jpg\" data-link=\"http:\/\/novasource.de\/?attachment_id=77\" class=\"wp-image-77\" srcset=\"https:\/\/novasource.de\/wp-content\/uploads\/2020\/03\/architektur4b-1024x768.jpg 1024w, https:\/\/novasource.de\/wp-content\/uploads\/2020\/03\/architektur4b-300x225.jpg 300w, https:\/\/novasource.de\/wp-content\/uploads\/2020\/03\/architektur4b-768x576.jpg 768w, https:\/\/novasource.de\/wp-content\/uploads\/2020\/03\/architektur4b-1200x900.jpg 1200w, https:\/\/novasource.de\/wp-content\/uploads\/2020\/03\/architektur4b.jpg 1280w\" sizes=\"auto, (max-width: 767px) 89vw, (max-width: 1000px) 54vw, (max-width: 1071px) 543px, 580px\" \/><\/figure><\/li><li class=\"blocks-gallery-item\"><figure><img loading=\"lazy\" decoding=\"async\" width=\"768\" height=\"1024\" src=\"http:\/\/novasource.de\/wp-content\/uploads\/2020\/03\/architektur4-768x1024.jpg\" alt=\"\" data-id=\"76\" data-full-url=\"http:\/\/novasource.de\/wp-content\/uploads\/2020\/03\/architektur4.jpg\" data-link=\"http:\/\/novasource.de\/?attachment_id=76\" class=\"wp-image-76\" srcset=\"https:\/\/novasource.de\/wp-content\/uploads\/2020\/03\/architektur4-768x1024.jpg 768w, https:\/\/novasource.de\/wp-content\/uploads\/2020\/03\/architektur4-225x300.jpg 225w, https:\/\/novasource.de\/wp-content\/uploads\/2020\/03\/architektur4.jpg 960w\" sizes=\"auto, (max-width: 767px) 89vw, (max-width: 1000px) 54vw, (max-width: 1071px) 543px, 580px\" \/><\/figure><\/li><li class=\"blocks-gallery-item\"><figure><img loading=\"lazy\" decoding=\"async\" width=\"768\" height=\"1024\" src=\"http:\/\/novasource.de\/wp-content\/uploads\/2020\/03\/architektur3-768x1024.jpg\" alt=\"\" data-id=\"75\" data-full-url=\"http:\/\/novasource.de\/wp-content\/uploads\/2020\/03\/architektur3.jpg\" data-link=\"http:\/\/novasource.de\/?attachment_id=75\" class=\"wp-image-75\" srcset=\"https:\/\/novasource.de\/wp-content\/uploads\/2020\/03\/architektur3-768x1024.jpg 768w, https:\/\/novasource.de\/wp-content\/uploads\/2020\/03\/architektur3-225x300.jpg 225w, https:\/\/novasource.de\/wp-content\/uploads\/2020\/03\/architektur3.jpg 960w\" sizes=\"auto, (max-width: 767px) 89vw, (max-width: 1000px) 54vw, (max-width: 1071px) 543px, 580px\" \/><\/figure><\/li><li class=\"blocks-gallery-item\"><figure><img loading=\"lazy\" decoding=\"async\" width=\"768\" height=\"1024\" src=\"http:\/\/novasource.de\/wp-content\/uploads\/2020\/03\/architektur2-768x1024.jpg\" alt=\"\" data-id=\"74\" data-full-url=\"http:\/\/novasource.de\/wp-content\/uploads\/2020\/03\/architektur2.jpg\" data-link=\"http:\/\/novasource.de\/?attachment_id=74\" class=\"wp-image-74\" srcset=\"https:\/\/novasource.de\/wp-content\/uploads\/2020\/03\/architektur2-768x1024.jpg 768w, https:\/\/novasource.de\/wp-content\/uploads\/2020\/03\/architektur2-225x300.jpg 225w, https:\/\/novasource.de\/wp-content\/uploads\/2020\/03\/architektur2.jpg 960w\" sizes=\"auto, (max-width: 767px) 89vw, (max-width: 1000px) 54vw, (max-width: 1071px) 543px, 580px\" \/><\/figure><\/li><li class=\"blocks-gallery-item\"><figure><img loading=\"lazy\" decoding=\"async\" width=\"768\" height=\"1024\" src=\"http:\/\/novasource.de\/wp-content\/uploads\/2020\/03\/architektur1-768x1024.jpg\" alt=\"\" data-id=\"73\" data-full-url=\"http:\/\/novasource.de\/wp-content\/uploads\/2020\/03\/architektur1.jpg\" data-link=\"http:\/\/novasource.de\/?attachment_id=73\" class=\"wp-image-73\" srcset=\"https:\/\/novasource.de\/wp-content\/uploads\/2020\/03\/architektur1-768x1024.jpg 768w, https:\/\/novasource.de\/wp-content\/uploads\/2020\/03\/architektur1-225x300.jpg 225w, https:\/\/novasource.de\/wp-content\/uploads\/2020\/03\/architektur1.jpg 960w\" sizes=\"auto, (max-width: 767px) 89vw, (max-width: 1000px) 54vw, (max-width: 1071px) 543px, 580px\" \/><\/figure><\/li><\/ul><\/figure>\n\n\n\n<figure class=\"wp-block-gallery columns-3 is-cropped wp-block-gallery-2 is-layout-flex wp-block-gallery-is-layout-flex\"><ul class=\"blocks-gallery-grid\"><li class=\"blocks-gallery-item\"><figure><img loading=\"lazy\" decoding=\"async\" width=\"1024\" height=\"768\" src=\"http:\/\/novasource.de\/wp-content\/uploads\/2020\/03\/ipadAG6-1024x768.jpg\" alt=\"\" data-id=\"60\" data-full-url=\"http:\/\/novasource.de\/wp-content\/uploads\/2020\/03\/ipadAG6.jpg\" data-link=\"http:\/\/novasource.de\/?attachment_id=60\" class=\"wp-image-60\" srcset=\"https:\/\/novasource.de\/wp-content\/uploads\/2020\/03\/ipadAG6-1024x768.jpg 1024w, https:\/\/novasource.de\/wp-content\/uploads\/2020\/03\/ipadAG6-300x225.jpg 300w, https:\/\/novasource.de\/wp-content\/uploads\/2020\/03\/ipadAG6-768x576.jpg 768w, https:\/\/novasource.de\/wp-content\/uploads\/2020\/03\/ipadAG6-1200x900.jpg 1200w, https:\/\/novasource.de\/wp-content\/uploads\/2020\/03\/ipadAG6.jpg 1280w\" sizes=\"auto, (max-width: 767px) 89vw, (max-width: 1000px) 54vw, (max-width: 1071px) 543px, 580px\" \/><\/figure><\/li><li class=\"blocks-gallery-item\"><figure><img loading=\"lazy\" decoding=\"async\" width=\"1024\" height=\"768\" src=\"http:\/\/novasource.de\/wp-content\/uploads\/2020\/03\/ipadAG7-1024x768.jpg\" alt=\"\" data-id=\"61\" data-full-url=\"http:\/\/novasource.de\/wp-content\/uploads\/2020\/03\/ipadAG7.jpg\" data-link=\"http:\/\/novasource.de\/?attachment_id=61\" class=\"wp-image-61\" srcset=\"https:\/\/novasource.de\/wp-content\/uploads\/2020\/03\/ipadAG7-1024x768.jpg 1024w, https:\/\/novasource.de\/wp-content\/uploads\/2020\/03\/ipadAG7-300x225.jpg 300w, https:\/\/novasource.de\/wp-content\/uploads\/2020\/03\/ipadAG7-768x576.jpg 768w, https:\/\/novasource.de\/wp-content\/uploads\/2020\/03\/ipadAG7-1200x900.jpg 1200w, https:\/\/novasource.de\/wp-content\/uploads\/2020\/03\/ipadAG7.jpg 1280w\" sizes=\"auto, (max-width: 767px) 89vw, (max-width: 1000px) 54vw, (max-width: 1071px) 543px, 580px\" \/><\/figure><\/li><li class=\"blocks-gallery-item\"><figure><img loading=\"lazy\" decoding=\"async\" width=\"1024\" height=\"768\" src=\"http:\/\/novasource.de\/wp-content\/uploads\/2020\/03\/ipadAG5-1024x768.jpg\" alt=\"\" data-id=\"59\" data-full-url=\"http:\/\/novasource.de\/wp-content\/uploads\/2020\/03\/ipadAG5.jpg\" data-link=\"http:\/\/novasource.de\/?attachment_id=59\" class=\"wp-image-59\" srcset=\"https:\/\/novasource.de\/wp-content\/uploads\/2020\/03\/ipadAG5-1024x768.jpg 1024w, https:\/\/novasource.de\/wp-content\/uploads\/2020\/03\/ipadAG5-300x225.jpg 300w, https:\/\/novasource.de\/wp-content\/uploads\/2020\/03\/ipadAG5-768x576.jpg 768w, https:\/\/novasource.de\/wp-content\/uploads\/2020\/03\/ipadAG5-1200x900.jpg 1200w, https:\/\/novasource.de\/wp-content\/uploads\/2020\/03\/ipadAG5.jpg 1280w\" sizes=\"auto, (max-width: 767px) 89vw, (max-width: 1000px) 54vw, (max-width: 1071px) 543px, 580px\" \/><\/figure><\/li><li class=\"blocks-gallery-item\"><figure><img loading=\"lazy\" decoding=\"async\" width=\"1024\" height=\"768\" src=\"http:\/\/novasource.de\/wp-content\/uploads\/2020\/03\/ipadAG4-1024x768.jpg\" alt=\"\" data-id=\"58\" data-full-url=\"http:\/\/novasource.de\/wp-content\/uploads\/2020\/03\/ipadAG4.jpg\" data-link=\"http:\/\/novasource.de\/?attachment_id=58\" class=\"wp-image-58\" srcset=\"https:\/\/novasource.de\/wp-content\/uploads\/2020\/03\/ipadAG4-1024x768.jpg 1024w, https:\/\/novasource.de\/wp-content\/uploads\/2020\/03\/ipadAG4-300x225.jpg 300w, https:\/\/novasource.de\/wp-content\/uploads\/2020\/03\/ipadAG4-768x576.jpg 768w, https:\/\/novasource.de\/wp-content\/uploads\/2020\/03\/ipadAG4-1200x900.jpg 1200w, https:\/\/novasource.de\/wp-content\/uploads\/2020\/03\/ipadAG4.jpg 1280w\" sizes=\"auto, (max-width: 767px) 89vw, (max-width: 1000px) 54vw, (max-width: 1071px) 543px, 580px\" \/><\/figure><\/li><li class=\"blocks-gallery-item\"><figure><img loading=\"lazy\" decoding=\"async\" width=\"1024\" height=\"768\" src=\"http:\/\/novasource.de\/wp-content\/uploads\/2020\/03\/ipadAG2-1024x768.jpg\" alt=\"\" data-id=\"57\" data-full-url=\"http:\/\/novasource.de\/wp-content\/uploads\/2020\/03\/ipadAG2.jpg\" data-link=\"http:\/\/novasource.de\/?attachment_id=57\" class=\"wp-image-57\" srcset=\"https:\/\/novasource.de\/wp-content\/uploads\/2020\/03\/ipadAG2-1024x768.jpg 1024w, https:\/\/novasource.de\/wp-content\/uploads\/2020\/03\/ipadAG2-300x225.jpg 300w, https:\/\/novasource.de\/wp-content\/uploads\/2020\/03\/ipadAG2-768x576.jpg 768w, https:\/\/novasource.de\/wp-content\/uploads\/2020\/03\/ipadAG2-1200x900.jpg 1200w, https:\/\/novasource.de\/wp-content\/uploads\/2020\/03\/ipadAG2.jpg 1280w\" sizes=\"auto, (max-width: 767px) 89vw, (max-width: 1000px) 54vw, (max-width: 1071px) 543px, 580px\" \/><\/figure><\/li><li class=\"blocks-gallery-item\"><figure><img loading=\"lazy\" decoding=\"async\" width=\"1024\" height=\"768\" src=\"http:\/\/novasource.de\/wp-content\/uploads\/2020\/03\/ipadAG1-1024x768.jpg\" alt=\"\" data-id=\"56\" data-full-url=\"http:\/\/novasource.de\/wp-content\/uploads\/2020\/03\/ipadAG1.jpg\" data-link=\"http:\/\/novasource.de\/?attachment_id=56\" class=\"wp-image-56\" srcset=\"https:\/\/novasource.de\/wp-content\/uploads\/2020\/03\/ipadAG1-1024x768.jpg 1024w, https:\/\/novasource.de\/wp-content\/uploads\/2020\/03\/ipadAG1-300x225.jpg 300w, https:\/\/novasource.de\/wp-content\/uploads\/2020\/03\/ipadAG1-768x576.jpg 768w, https:\/\/novasource.de\/wp-content\/uploads\/2020\/03\/ipadAG1-1200x900.jpg 1200w, https:\/\/novasource.de\/wp-content\/uploads\/2020\/03\/ipadAG1.jpg 1280w\" sizes=\"auto, (max-width: 767px) 89vw, (max-width: 1000px) 54vw, (max-width: 1071px) 543px, 580px\" \/><\/figure><\/li><\/ul><\/figure>\n","protected":false},"excerpt":{"rendered":"<p>Lieblingsorte in der Schule Im Rahmen der iPad-AG wurde das 60-j\u00e4hrige Jubil\u00e4um (2015) der denkmalgesch\u00fctzten Schule zum Anlass genommen, sich mit dem Lern- und Lebensort Schule auseinandersetzen. Wo halte ich mich am liebsten auf, was sind Lieblingsorte, gibt es &#8222;Unwohlf\u00fchl&#8220;-Orte, wie k\u00f6nnten Schulr\u00e4ume in Zukunft aussehen? Die Erkenntnisse wurden in Form einer Website pr\u00e4sentiert, die &hellip; <\/p>\n<p class=\"link-more\"><a href=\"https:\/\/novasource.de\/?page_id=106\" class=\"more-link\"><span class=\"screen-reader-text\">\u201eiPad-AG\u201c <\/span>weiterlesen<\/a><\/p>\n","protected":false},"author":1,"featured_media":0,"parent":279,"menu_order":1,"comment_status":"closed","ping_status":"closed","template":"","meta":{"footnotes":""},"class_list":["post-106","page","type-page","status-publish","hentry"],"_links":{"self":[{"href":"https:\/\/novasource.de\/index.php?rest_route=\/wp\/v2\/pages\/106","targetHints":{"allow":["GET"]}}],"collection":[{"href":"https:\/\/novasource.de\/index.php?rest_route=\/wp\/v2\/pages"}],"about":[{"href":"https:\/\/novasource.de\/index.php?rest_route=\/wp\/v2\/types\/page"}],"author":[{"embeddable":true,"href":"https:\/\/novasource.de\/index.php?rest_route=\/wp\/v2\/users\/1"}],"replies":[{"embeddable":true,"href":"https:\/\/novasource.de\/index.php?rest_route=%2Fwp%2Fv2%2Fcomments&post=106"}],"version-history":[{"count":11,"href":"https:\/\/novasource.de\/index.php?rest_route=\/wp\/v2\/pages\/106\/revisions"}],"predecessor-version":[{"id":565,"href":"https:\/\/novasource.de\/index.php?rest_route=\/wp\/v2\/pages\/106\/revisions\/565"}],"up":[{"embeddable":true,"href":"https:\/\/novasource.de\/index.php?rest_route=\/wp\/v2\/pages\/279"}],"wp:attachment":[{"href":"https:\/\/novasource.de\/index.php?rest_route=%2Fwp%2Fv2%2Fmedia&parent=106"}],"curies":[{"name":"wp","href":"https:\/\/api.w.org\/{rel}","templated":true}]}}